
{"id":6190,"date":"2025-02-07T10:40:25","date_gmt":"2025-02-07T10:40:25","guid":{"rendered":"https:\/\/ahead.africa\/?page_id=6190"},"modified":"2025-09-24T08:21:51","modified_gmt":"2025-09-24T08:21:51","slug":"match-the-best","status":"publish","type":"page","link":"https:\/\/ahead.africa\/fr\/learning\/match-the-best\/","title":{"rendered":"\u00c9galer les meilleurs"},"content":{"rendered":"<div class=\"wp-block-stackable-columns stk-block-columns stk-block stk-b4aa8cc\" data-block-id=\"b4aa8cc\"><style>.stk-b4aa8cc {margin-bottom:0px !important;}<\/style><div class=\"stk-row stk-inner-blocks stk-block-content stk-content-align stk-b4aa8cc-column\">\n<div class=\"wp-block-stackable-column stk-block-column stk-column stk-block stk-58b372c stk-block-background stk--has-background-overlay\" data-v=\"4\" data-block-id=\"58b372c\"><style>.stk-58b372c-container{margin-top:32px !important;margin-right:32px !important;margin-bottom:32px !important;margin-left:32px !important;}.stk-58b372c-inner-blocks{justify-content:center !important;}.stk-58b372c {background-image:url(https:\/\/ahead.africa\/wp-content\/uploads\/2025\/02\/Learning-Match-the-best-banner--scaled.jpg) !important;background-position:center center !important;}.stk-58b372c:before{background-color:#000000 !important;opacity:0.3 !important;}.stk-58b372c:hover:before{background-color:#000000 !important;opacity:0.3 !important;}<\/style><div class=\"stk-column-wrapper stk-block-column__content stk-container stk-58b372c-container stk--no-background stk--no-padding\"><div class=\"has-text-align-left stk--column-flex stk-block-content stk-inner-blocks stk-58b372c-inner-blocks\">\n<div class=\"wp-block-stackable-button-group stk-block-button-group stk-block stk-5ca291b\" data-block-id=\"5ca291b\"><style>.stk-5ca291b {top:-44px !important;right:46px !important;}<\/style><div class=\"stk-row stk-inner-blocks stk-block-content stk-button-group\">\n<div class=\"wp-block-stackable-button stk-block-button stk-block stk-5dba17b\" data-block-id=\"5dba17b\"><style>.stk-5dba17b .stk-button{min-height:0px !important;padding-top:7px !important;padding-bottom:7px !important;background:var(--clr-background) !important;border-top-left-radius:50px !important;border-top-right-radius:50px !important;border-bottom-right-radius:50px !important;border-bottom-left-radius:50px !important;}.stk-5dba17b .stk-button:hover:after{background:var(--clr-background) !important;opacity:1 !important;}.stk-5dba17b .stk-button__inner-text{font-size:14px !important;color:var(--clr-secondary) !important;}.stk-5dba17b .stk-button:hover .stk-button__inner-text{color:var(--clr-secondary) !important;}@media screen and (max-width: 1023px){.stk-5dba17b .stk-button__inner-text{font-size:14px !important;}}<\/style><a class=\"stk-link stk-button stk--hover-effect-darken\" href=\"https:\/\/ahead.africa\/fr\/learning\/\"><span class=\"has-text-color stk-button__inner-text\">&lt; <strong>Retour \u00e0 l'apprentissage<\/strong><\/span><\/a><\/div>\n<\/div><\/div>\n\n\n\n<div class=\"wp-block-stackable-heading stk-block-heading stk-block-heading--v2 stk-block stk-8ab3701\" id=\"match-the-best-span-style-color-var-clr-background-class-stk-highlight-span\" data-block-id=\"8ab3701\"><style>.stk-8ab3701 {padding-top:20px !important;margin-bottom:0px !important;}.stk-8ab3701 .stk-block-heading__text{color:var(--clr-background) !important;}<\/style><h1 class=\"stk-block-heading__text has-text-color has-text-align-center\">\u00c9galer les meilleurs<span style=\"color: var(--clr-background);\" class=\"stk-highlight\"><\/span><\/h1><\/div>\n\n\n\n<p class=\"has-text-align-center has-background-color has-text-color has-link-color wp-elements-8b7651e053765ae2951588d76dee1be4\">Initiatives \u00e9lectorales africaines men\u00e9es par les citoyens depuis 2010<\/p>\n\n\n\n<div class=\"wp-block-stackable-spacer stk-block-spacer stk--no-padding stk-block stk-878ba89\" data-block-id=\"878ba89\"><style>.stk-878ba89 {height:50px !important;}<\/style><\/div>\n<\/div><\/div><\/div>\n<\/div><\/div>\n\n\n\n<section class=\"wp-block-group has-global-padding is-layout-constrained wp-block-group-is-layout-constrained\" style=\"padding-top:var(--wp--preset--spacing--70);padding-bottom:var(--wp--preset--spacing--50)\">\n<div class=\"wp-block-group is-layout-flow wp-block-group-is-layout-flow\">\n<p class=\"has-text-align-center\"><span class=\"highlight-text\"><strong>SOOBU<\/strong><\/span> - La plate-forme en ligne qui documente les meilleures pratiques et les le\u00e7ons tir\u00e9es des initiatives \u00e9lectorales men\u00e9es par les citoyens \u00e0 travers l'Afrique, en pr\u00e9sentant leur impact, les risques et les strat\u00e9gies pour assurer leur succ\u00e8s et leur durabilit\u00e9, a pour nom \"mobilisation de l'engagement\" en langue wolof.<\/p>\n<\/div>\n<\/section>\n\n\n\n  <div class=\"coming-soon-divider wp-block-tn-section-divider\" style=\"background-color: transparent;\">\n          <div \n        style=\"fill: var(--wp--preset--color--background-alt);\" \n        class=\"svg-wrapper\"\n        data-flip-x=\"false\"\n        data-flip-y=\"false\"\n      >\n        <svg viewbox=\"0 0 1449 74\" xmlns=\"http:\/\/www.w3.org\/2000\/svg\" preserveaspectratio=\"none\" xml:space=\"preserve\" style=\"fill-rule:evenodd;clip-rule:evenodd;stroke-linejoin:round;stroke-miterlimit:2\"><g transform=\"scale(1 1.03736)\"><path d=\"M266 70 1449 0v91H0V0l266 70Z\" style=\"fill-rule:nonzero\" transform=\"scale(1 .96399)\"><\/path><\/g><\/svg>      <\/div>\n    \n      <\/div>\n\n\n\n<section class=\"wp-block-group coming-soon learning has-background-alt-background-color has-background has-global-padding is-layout-constrained wp-container-core-group-is-layout-a2e68c58 wp-block-group-is-layout-constrained\" style=\"padding-top:var(--wp--preset--spacing--60);padding-right:var(--wp--preset--spacing--30);padding-bottom:var(--wp--preset--spacing--70);padding-left:var(--wp--preset--spacing--30)\">\n<div class=\"wp-block-stackable-count-up stk-block-count-up stk-block stk-84c1c72\" data-block-id=\"84c1c72\"><style>.stk-84c1c72 {margin-bottom:0px !important;top:5px !important;}.stk-84c1c72 .stk-block-count-up__text{font-size:35px !important;font-weight:600 !important;}@media screen and (max-width: 1023px){.stk-84c1c72 .stk-block-count-up__text{font-size:35px !important;}}<\/style><div class=\"stk-block-count-up__text has-text-align-center\" data-duration=\"1800\">D\u00e9couvrez plus de 50 initiatives \u00e9lectorales<\/div><\/div>\n\n\n\n<div class=\"wp-block-group alignwide is-layout-flow wp-block-group-is-layout-flow\">\n<p class=\"has-text-align-center\" style=\"margin-top:-20px;margin-right:0rem;margin-left:0rem;padding-right:2.8rem;padding-bottom:0;padding-left:2.8rem\">Class\u00e9s par th\u00e8me ci-dessous<\/p>\n\n\n\n<div class=\"wp-block-stackable-columns stk-block-columns stk-block stk-af4a4ac\" data-block-id=\"af4a4ac\"><style>.stk-af4a4ac:hover{padding-bottom:0px !important;}.stk-af4a4ac {margin-top:20px !important;margin-bottom:-20px !important;}<\/style><div class=\"stk-row stk-inner-blocks stk-block-content stk-content-align stk-af4a4ac-column\">\n<div class=\"wp-block-stackable-column stk-block-column stk-column stk-block stk-6e9bfed\" data-v=\"4\" data-block-id=\"6e9bfed\"><style>.stk-6e9bfed {border-top-left-radius:15px !important;border-top-right-radius:15px !important;border-bottom-right-radius:15px !important;border-bottom-left-radius:15px !important;overflow:hidden !important;margin-top:-24px !important;margin-bottom:20px !important;}.stk-6e9bfed-container{padding-top:30px !important;padding-right:30px !important;padding-bottom:30px !important;padding-left:30px !important;}<\/style><div class=\"stk-column-wrapper stk-block-column__content stk-container stk-6e9bfed-container stk--no-background stk--no-padding\"><div class=\"stk-block-content stk-inner-blocks stk-6e9bfed-inner-blocks\">\n<div class=\"wp-block-stackable-columns stk-block-columns stk-block stk-5fed0f8\" data-block-id=\"5fed0f8\"><style>.stk-5fed0f8-column{--stk-column-gap:16px !important;row-gap:15px !important;}<\/style><div class=\"stk-row stk-inner-blocks stk-block-content stk-content-align stk-5fed0f8-column\">\n<div class=\"wp-block-stackable-column stk-block-column stk-column stk-block stk-e5b63cc stk-block-background stk--has-background-overlay\" data-v=\"4\" data-block-id=\"e5b63cc\"><style>.stk-e5b63cc {background-color:var(--clr-secondary) !important;background-image:url(https:\/\/ahead.africa\/wp-content\/uploads\/2025\/02\/Match-the-best-Sensibilisation-Education-and-Information-initiatives-scaled.jpg) !important;background-blend-mode:normal !important;border-top-left-radius:15px !important;border-top-right-radius:15px !important;border-bottom-right-radius:15px !important;border-bottom-left-radius:15px !important;overflow:hidden !important;}.stk-e5b63cc:hover{background-color:var(--clr-secondary) !important;}.stk-e5b63cc:before{background-color:var(--clr-secondary) !important;opacity:0.1 !important;}.stk-e5b63cc:hover:before{background-color:var(--clr-secondary) !important;opacity:0.3 !important;}<\/style><div class=\"stk-column-wrapper stk-block-column__content stk-container stk-e5b63cc-container stk--no-background stk--no-padding\"><div class=\"stk-block-content stk-inner-blocks stk-e5b63cc-inner-blocks\">\n<div class=\"wp-block-stackable-text stk-block-text stk-block stk-6ff8d5d\" data-block-id=\"6ff8d5d\"><style>.stk-6ff8d5d {padding-bottom:32px !important;margin-bottom:0px !important;}.stk-6ff8d5d .stk-block-text__text{font-size:25px !important;color:var(--clr-background) !important;}@media screen and (max-width: 1023px){.stk-6ff8d5d .stk-block-text__text{font-size:25px !important;}}<\/style><p class=\"stk-block-text__text has-text-color\"><strong>Sensibilisation, information et \u00e9ducation<\/strong><\/p><\/div>\n\n\n\n<div class=\"wp-block-stackable-button-group stk-block-button-group stk-block stk-5635f50\" data-block-id=\"5635f50\"><style>.stk-5635f50 {padding-top:20px !important;z-index:10 !important;}<\/style><div class=\"stk-row stk-inner-blocks stk-block-content stk-button-group\">\n<div class=\"wp-block-stackable-button stk-block-button stk-block stk-7582e58\" data-block-id=\"7582e58\"><style>.stk-7582e58:hover{box-shadow:7px 5px 30px #48497927 !important;bottom:3px !important;}.stk-7582e58 {margin-right:-10px !important;margin-left:-10px !important;z-index:10 !important;bottom:0 !important;}.stk-7582e58 .stk-button{padding-top:7px !important;padding-bottom:7px !important;background:var(--clr-secondary) !important;border-top-left-radius:50px !important;border-top-right-radius:50px !important;border-bottom-right-radius:50px !important;border-bottom-left-radius:50px !important;}.stk-7582e58 .stk-button__inner-text{color:var(--clr-background) !important;}<\/style><a class=\"stk-link stk-button stk--hover-effect-darken\" href=\"https:\/\/initiative4elections.tech\/fr\/initiatives\/?tags=Sensibilisation, Information, \u00c9ducation\" target=\"_blank\" rel=\"noreferrer noopener\"><span class=\"has-text-color stk-button__inner-text\">D\u00e9couvrir les initiatives \u27a4<\/span><\/a><\/div>\n<\/div><\/div>\n<\/div><a class=\"stk-link stk-block-link stk--transparent-overlay\" href=\"https:\/\/initiative4elections.tech\/fr\/initiatives\/?tags=Sensibilisation, Information, \u00c9ducation\" aria-hidden=\"true\" tabindex=\"-1\" target=\"_blank\" rel=\"noreferrer noopener\"><\/a><\/div><\/div>\n\n\n\n<div class=\"wp-block-stackable-column stk-block-column stk-column stk-block stk-5f3f2b3 stk-block-background stk--has-background-overlay\" data-v=\"4\" data-block-id=\"5f3f2b3\"><style>.stk-5f3f2b3 {background-color:var(--clr-quaternary) !important;background-image:url(https:\/\/ahead.africa\/wp-content\/uploads\/2025\/02\/Match-the-best-Advocacy-initiatives-scaled.jpg) !important;background-blend-mode:normal !important;border-top-left-radius:15px !important;border-top-right-radius:15px !important;border-bottom-right-radius:15px !important;border-bottom-left-radius:15px !important;overflow:hidden !important;}.stk-5f3f2b3:hover{background-color:var(--clr-quaternary) !important;}.stk-5f3f2b3:before{background-color:var(--clr-quaternary) !important;opacity:0.1 !important;}.stk-5f3f2b3:hover:before{background-color:var(--clr-quaternary) !important;opacity:0.3 !important;}<\/style><div class=\"stk-column-wrapper stk-block-column__content stk-container stk-5f3f2b3-container stk--no-background stk--no-padding\"><div class=\"stk-block-content stk-inner-blocks stk-5f3f2b3-inner-blocks\">\n<div class=\"wp-block-stackable-text stk-block-text stk-block stk-c2be3e7\" data-block-id=\"c2be3e7\"><style>.stk-c2be3e7 {padding-bottom:32px !important;margin-bottom:80px !important;}.stk-c2be3e7 .stk-block-text__text{font-size:25px !important;color:var(--clr-background) !important;}@media screen and (max-width: 1023px){.stk-c2be3e7 .stk-block-text__text{font-size:25px !important;}}<\/style><p class=\"stk-block-text__text has-text-color\"><strong>Plaidoyer<\/strong><\/p><\/div>\n\n\n\n<div class=\"wp-block-stackable-button-group stk-block-button-group stk-block stk-270c00c\" data-block-id=\"270c00c\"><style>.stk-270c00c {padding-top:20px !important;z-index:10 !important;}<\/style><div class=\"stk-row stk-inner-blocks stk-block-content stk-button-group\">\n<div class=\"wp-block-stackable-button stk-block-button stk-block stk-0d77bfb\" data-block-id=\"0d77bfb\"><style>.stk-0d77bfb:hover{box-shadow:7px 5px 30px #48497927 !important;bottom:3px !important;}.stk-0d77bfb {margin-right:-10px !important;margin-left:-10px !important;z-index:10 !important;bottom:0 !important;}.stk-0d77bfb .stk-button{padding-top:7px !important;padding-bottom:7px !important;background:var(--clr-secondary) !important;border-top-left-radius:50px !important;border-top-right-radius:50px !important;border-bottom-right-radius:50px !important;border-bottom-left-radius:50px !important;}.stk-0d77bfb .stk-button__inner-text{color:var(--clr-background) !important;}<\/style><a class=\"stk-link stk-button stk--hover-effect-darken\" href=\"https:\/\/initiative4elections.tech\/fr\/initiatives\/?tags=Plaidoyer\" target=\"_blank\" rel=\"noreferrer noopener\"><span class=\"has-text-color stk-button__inner-text\">D\u00e9couvrir les initiatives \u27a4<\/span><\/a><\/div>\n<\/div><\/div>\n<\/div><a class=\"stk-link stk-block-link stk--transparent-overlay\" href=\"https:\/\/initiative4elections.tech\/fr\/initiatives\/?tags=Sensibilisation, Information, \u00c9ducation\" aria-hidden=\"true\" tabindex=\"-1\" target=\"_blank\" rel=\"noreferrer noopener\"><\/a><\/div><\/div>\n\n\n\n<div class=\"wp-block-stackable-column stk-block-column stk-column stk-block stk-e141c21 stk-block-background stk--has-background-overlay\" data-v=\"4\" data-block-id=\"e141c21\"><style>.stk-e141c21 {background-color:var(--clr-tertiary) !important;background-image:url(https:\/\/ahead.africa\/wp-content\/uploads\/2025\/02\/Match-the-best-Research-and-Documenation-scaled.jpg) !important;border-top-left-radius:15px !important;border-top-right-radius:15px !important;border-bottom-right-radius:15px !important;border-bottom-left-radius:15px !important;overflow:hidden !important;box-shadow:0px 5px 30px -20px var(--clr-text) !important;z-index:10 !important;}.stk-e141c21:hover{background-color:var(--clr-tertiary) !important;}.stk-e141c21:before{background-color:var(--clr-tertiary) !important;opacity:0.1 !important;}.stk-e141c21:hover:before{background-color:var(--clr-tertiary) !important;opacity:0.3 !important;}<\/style><div class=\"stk-column-wrapper stk-block-column__content stk-container stk-e141c21-container stk--no-background stk--no-padding\"><div class=\"stk-block-content stk-inner-blocks stk-e141c21-inner-blocks\">\n<div class=\"wp-block-stackable-text stk-block-text stk-block stk-cb7747c\" data-block-id=\"cb7747c\"><style>.stk-cb7747c {padding-bottom:32px !important;margin-bottom:40px !important;}.stk-cb7747c .stk-block-text__text{font-size:25px !important;color:var(--clr-background) !important;}@media screen and (max-width: 1023px){.stk-cb7747c .stk-block-text__text{font-size:25px !important;}}<\/style><p class=\"stk-block-text__text has-text-color\"><strong>Documentation et recherche<\/strong><\/p><\/div>\n\n\n\n<div class=\"wp-block-stackable-button-group stk-block-button-group stk-block stk-208a35b\" data-block-id=\"208a35b\"><style>.stk-208a35b {padding-top:20px !important;z-index:10 !important;}<\/style><div class=\"stk-row stk-inner-blocks stk-block-content stk-button-group\">\n<div class=\"wp-block-stackable-button stk-block-button stk-block stk-8d212b5\" data-block-id=\"8d212b5\"><style>.stk-8d212b5:hover{box-shadow:7px 5px 30px #48497927 !important;bottom:3px !important;}.stk-8d212b5 {margin-right:-10px !important;margin-left:-10px !important;z-index:10 !important;bottom:0 !important;}.stk-8d212b5 .stk-button{padding-top:7px !important;padding-bottom:7px !important;background:var(--clr-secondary) !important;border-top-left-radius:50px !important;border-top-right-radius:50px !important;border-bottom-right-radius:50px !important;border-bottom-left-radius:50px !important;}.stk-8d212b5 .stk-button__inner-text{color:var(--clr-background) !important;}<\/style><a class=\"stk-link stk-button stk--hover-effect-darken\" href=\"https:\/\/initiative4elections.tech\/fr\/initiatives\/?tags=Recherche et Documentation\" target=\"_blank\" rel=\"noreferrer noopener\"><span class=\"has-text-color stk-button__inner-text\">D\u00e9couvrir les initiatives \u27a4<\/span><\/a><\/div>\n<\/div><\/div>\n<\/div><a class=\"stk-link stk-block-link stk--transparent-overlay\" href=\"https:\/\/initiative4elections.tech\/fr\/initiatives\/?tags=Recherche et Documentation\" aria-hidden=\"true\" tabindex=\"-1\" target=\"_blank\" rel=\"noreferrer noopener\"><\/a><\/div><\/div>\n\n\n\n<div class=\"wp-block-stackable-column stk-block-column stk-column stk-block stk-27ac029 stk-block-background stk--has-background-overlay\" data-v=\"4\" data-block-id=\"27ac029\"><style>.stk-27ac029 {background-color:var(--clr-primary) !important;background-image:url(https:\/\/ahead.africa\/wp-content\/uploads\/2025\/02\/Match-the-best-Election-observation-initiatives.jpg) !important;border-top-left-radius:15px !important;border-top-right-radius:15px !important;border-bottom-right-radius:15px !important;border-bottom-left-radius:15px !important;overflow:hidden !important;box-shadow:0px 5px 30px -20px var(--clr-text) !important;}.stk-27ac029:hover{background-color:var(--clr-primary) !important;}.stk-27ac029:before{background-color:var(--clr-primary) !important;opacity:0 !important;}.stk-27ac029:hover:before{background-color:var(--clr-primary) !important;opacity:0.3 !important;}<\/style><div class=\"stk-column-wrapper stk-block-column__content stk-container stk-27ac029-container stk--no-background stk--no-padding\"><div class=\"stk-block-content stk-inner-blocks stk-27ac029-inner-blocks\">\n<div class=\"wp-block-stackable-text stk-block-text stk-block stk-5ed767a\" data-block-id=\"5ed767a\"><style>.stk-5ed767a {padding-bottom:32px !important;margin-bottom:40px !important;}.stk-5ed767a .stk-block-text__text{font-size:25px !important;color:var(--clr-background) !important;}@media screen and (max-width: 1023px){.stk-5ed767a .stk-block-text__text{font-size:25px !important;}}<\/style><p class=\"stk-block-text__text has-text-color\"><strong>Processus \u00e9lectoraux<\/strong><\/p><\/div>\n\n\n\n<div class=\"wp-block-stackable-button-group stk-block-button-group stk-block stk-7688fd7\" data-block-id=\"7688fd7\"><style>.stk-7688fd7 {padding-top:20px !important;z-index:10 !important;}<\/style><div class=\"stk-row stk-inner-blocks stk-block-content stk-button-group\">\n<div class=\"wp-block-stackable-button stk-block-button stk-block stk-6ab8471\" data-block-id=\"6ab8471\"><style>.stk-6ab8471:hover{box-shadow:7px 5px 30px #48497927 !important;bottom:3px !important;}.stk-6ab8471 {margin-right:-10px !important;margin-left:-10px !important;z-index:10 !important;bottom:0 !important;}.stk-6ab8471 .stk-button{padding-top:7px !important;padding-bottom:7px !important;background:var(--clr-secondary) !important;border-top-left-radius:50px !important;border-top-right-radius:50px !important;border-bottom-right-radius:50px !important;border-bottom-left-radius:50px !important;}.stk-6ab8471 .stk-button__inner-text{color:var(--clr-background) !important;}<\/style><a class=\"stk-link stk-button stk--hover-effect-darken\" href=\"https:\/\/initiative4elections.tech\/fr\/initiatives\/?tags=Processus \u00e9lectoraux\" target=\"_blank\" rel=\"noreferrer noopener\"><span class=\"has-text-color stk-button__inner-text\">D\u00e9couvrir les initiatives \u27a4<\/span><\/a><\/div>\n<\/div><\/div>\n<\/div><a class=\"stk-link stk-block-link stk--transparent-overlay\" href=\"https:\/\/initiative4elections.tech\/fr\/initiatives\/?tags=Processus \u00e9lectoraux\" aria-hidden=\"true\" tabindex=\"-1\" target=\"_blank\" rel=\"noreferrer noopener\"><\/a><\/div><\/div>\n<\/div><\/div>\n<\/div><\/div><\/div>\n<\/div><\/div>\n\n\n\n<div class=\"wp-block-stackable-button-group stk-block-button-group stk-block stk-9dc8c40\" data-block-id=\"9dc8c40\"><style>.stk-9dc8c40:hover{padding-top:0px !important;padding-right:0px !important;padding-bottom:0px !important;padding-left:0px !important;}.stk-9dc8c40 {margin-bottom:0px !important;z-index:10 !important;}<\/style><div class=\"stk-row stk-inner-blocks has-text-align-center stk-block-content stk-button-group\">\n<div class=\"wp-block-stackable-button stk-block-button is-style-ghost stk-block stk-10abe8c\" data-block-id=\"10abe8c\"><style>.stk-10abe8c .stk-button{min-height:0px !important;padding-top:8px !important;padding-bottom:8px !important;background:transparent !important;border-top-left-radius:50px !important;border-top-right-radius:50px !important;border-bottom-right-radius:50px !important;border-bottom-left-radius:50px !important;}.stk-10abe8c .stk-button:hover:after{background:transparent !important;opacity:1 !important;}:where(.stk-hover-parent:hover,  .stk-hover-parent.stk--is-hovered) .stk-10abe8c .stk-button:after{background:transparent !important;opacity:1 !important;}.stk-10abe8c .stk-button:before{border-style:solid !important;border-color:var(--clr-text) !important;}.stk-10abe8c .stk-button:hover:before{border-color:var(--clr-secondary) !important;}.stk-10abe8c .stk-button .stk--inner-svg svg:last-child{height:23px !important;width:23px !important;margin-inline-end:0px !important;}.stk-10abe8c .stk-button .stk--inner-svg svg:last-child, .stk-10abe8c .stk-button .stk--inner-svg svg:last-child :is(g, path, rect, polygon, ellipse){fill:var(--clr-text) !important;}.stk-10abe8c .stk-button:hover .stk--inner-svg svg:last-child, .stk-10abe8c .stk-button:hover .stk--inner-svg svg:last-child :is(g, path, rect, polygon, ellipse){fill:var(--clr-secondary) !important;}.stk-10abe8c .stk-button__inner-text{color:var(--clr-text) !important;}.stk-10abe8c .stk-button:hover .stk-button__inner-text{color:var(--clr-secondary) !important;}<\/style><a class=\"stk-link stk-button stk--hover-effect-darken\" href=\"https:\/\/ahead.africa\/fr\/opportunity\/electoral-citizen-initiatives\/\" target=\"_blank\" rel=\"noreferrer noopener\"><span class=\"stk--svg-wrapper\"><div class=\"stk--inner-svg\"><svg xmlns=\"http:\/\/www.w3.org\/2000\/svg\" viewbox=\"0 0 384 512\" aria-hidden=\"true\" width=\"32\" height=\"32\"><path d=\"M64 0C28.7 0 0 28.7 0 64V448c0 35.3 28.7 64 64 64H320c35.3 0 64-28.7 64-64V160H256c-17.7 0-32-14.3-32-32V0H64zM256 0V128H384L256 0zM216 408c0 13.3-10.7 24-24 24s-24-10.7-24-24V305.9l-31 31c-9.4 9.4-24.6 9.4-33.9 0s-9.4-24.6 0-33.9l72-72c9.4-9.4 24.6-9.4 33.9 0l72 72c9.4 9.4 9.4 24.6 0 33.9s-24.6 9.4-33.9 0l-31-31V408z\"><\/path><\/svg><\/div><\/span><span class=\"has-text-color stk-button__inner-text\">Soumettez votre initiative<\/span><\/a><\/div>\n<\/div><\/div>\n\n\n\n<div class=\"wp-block-stackable-spacer stk-block-spacer stk--no-padding stk-block stk-e020fcf\" data-block-id=\"e020fcf\"><style>.stk-e020fcf {height:20px !important;}<\/style><\/div>\n\n\n\n<div class=\"wp-block-stackable-image stk-block-image has-text-align-center stk-block stk-912f035\" data-block-id=\"912f035\"><style>.stk-912f035 {margin-bottom:0px !important;}.stk-912f035 .stk-img-wrapper{width:37% !important;height:119px !important;}.stk-912f035 .stk-img-wrapper img{object-fit:contain !important;}<\/style><figure><a class=\"stk-link\" href=\"https:\/\/initiative4elections.tech\/\" target=\"_blank\" rel=\"noreferrer noopener\"><span class=\"stk-img-wrapper stk-image--shape-stretch\"><img loading=\"lazy\" decoding=\"async\" class=\"stk-img wp-image-6241\" src=\"https:\/\/ahead.africa\/wp-content\/uploads\/2025\/02\/SOOBU-African-Citizen-led-Electoral-Initiatives--1024x433.png\" width=\"1024\" height=\"433\" alt=\"SOOBU | African Citizen-led Electoral Initiatives\" srcset=\"https:\/\/ahead.africa\/wp-content\/uploads\/2025\/02\/SOOBU-African-Citizen-led-Electoral-Initiatives--1024x433.png 1024w, https:\/\/ahead.africa\/wp-content\/uploads\/2025\/02\/SOOBU-African-Citizen-led-Electoral-Initiatives--300x127.png 300w, https:\/\/ahead.africa\/wp-content\/uploads\/2025\/02\/SOOBU-African-Citizen-led-Electoral-Initiatives--768x325.png 768w, https:\/\/ahead.africa\/wp-content\/uploads\/2025\/02\/SOOBU-African-Citizen-led-Electoral-Initiatives--1536x650.png 1536w, https:\/\/ahead.africa\/wp-content\/uploads\/2025\/02\/SOOBU-African-Citizen-led-Electoral-Initiatives--18x8.png 18w, https:\/\/ahead.africa\/wp-content\/uploads\/2025\/02\/SOOBU-African-Citizen-led-Electoral-Initiatives-.png 2000w\" sizes=\"auto, (max-width: 1024px) 100vw, 1024px\" \/><\/span><\/a><\/figure><\/div>\n\n\n\n<p class=\"has-text-align-center has-text-color has-link-color wp-elements-b919d96938af021572ad9be88e20220f\" style=\"margin-top:-3px;margin-right:0rem;margin-left:0rem;padding-right:0rem;padding-bottom:var(--wp--preset--spacing--30);padding-left:0rem;font-size:14px\">D\u00e9velopp\u00e9 par <a href=\"https:\/\/ahead.africa\/fr\/partners\/africtivistes\/\">Africtivistes<\/a> avec le soutien d'AHEAD Africa<\/p>\n<\/div>\n<\/section>","protected":false},"excerpt":{"rendered":"<p>&lt; Back to Learning Match the best African citizen-led electoral initiatives from 2010 onward &#8211; &#8216;commitment mobilisation&#8217; in Wolof language &#8211; is an online platform documenting best practices and lessons learned from citizen-led electoral initiatives across Africa by showcasing their impact, risks, and strategies to ensure their success and sustainability. Discover 50+ electoral initiatives Categorised [&hellip;]<\/p>","protected":false},"author":4,"featured_media":0,"parent":195,"menu_order":0,"comment_status":"closed","ping_status":"closed","template":"","meta":{"_acf_changed":false,"footnotes":""},"class_list":["post-6190","page","type-page","status-publish","hentry"],"acf":[],"_links":{"self":[{"href":"https:\/\/ahead.africa\/fr\/wp-json\/wp\/v2\/pages\/6190","targetHints":{"allow":["GET"]}}],"collection":[{"href":"https:\/\/ahead.africa\/fr\/wp-json\/wp\/v2\/pages"}],"about":[{"href":"https:\/\/ahead.africa\/fr\/wp-json\/wp\/v2\/types\/page"}],"author":[{"embeddable":true,"href":"https:\/\/ahead.africa\/fr\/wp-json\/wp\/v2\/users\/4"}],"replies":[{"embeddable":true,"href":"https:\/\/ahead.africa\/fr\/wp-json\/wp\/v2\/comments?post=6190"}],"version-history":[{"count":762,"href":"https:\/\/ahead.africa\/fr\/wp-json\/wp\/v2\/pages\/6190\/revisions"}],"predecessor-version":[{"id":10435,"href":"https:\/\/ahead.africa\/fr\/wp-json\/wp\/v2\/pages\/6190\/revisions\/10435"}],"up":[{"embeddable":true,"href":"https:\/\/ahead.africa\/fr\/wp-json\/wp\/v2\/pages\/195"}],"wp:attachment":[{"href":"https:\/\/ahead.africa\/fr\/wp-json\/wp\/v2\/media?parent=6190"}],"curies":[{"name":"wp","href":"https:\/\/api.w.org\/{rel}","templated":true}]}}