
{"id":195,"date":"2024-09-09T11:47:40","date_gmt":"2024-09-09T11:47:40","guid":{"rendered":"https:\/\/ahead.africa\/?page_id=195"},"modified":"2025-09-25T12:50:20","modified_gmt":"2025-09-25T12:50:20","slug":"learning","status":"publish","type":"page","link":"https:\/\/ahead.africa\/fr\/learning\/","title":{"rendered":"Formation"},"content":{"rendered":"<section class=\"wp-block-group hero learning has-global-padding is-layout-constrained wp-block-group-is-layout-constrained has-background\" style=\"padding-top:var(--wp--preset--spacing--80);padding-bottom:var(--wp--preset--spacing--80);background-image:url(&#039;https:\/\/ahead.africa\/wp-content\/uploads\/2024\/09\/shapes-tile-green.svg&#039;);background-position:50% 1%;background-size:cover;\">\n<div class=\"wp-block-group alignwide is-layout-flow wp-block-group-is-layout-flow\">\n<h1 class=\"wp-block-heading has-text-align-center has-secondary-color has-text-color has-link-color wp-elements-9bc605c49e7b2cecd41709d8f250edfc\">Formation<\/h1>\n\n\n\n<figure class=\"wp-block-image aligncenter size-large is-resized\"><img loading=\"lazy\" decoding=\"async\" width=\"1024\" height=\"825\" src=\"https:\/\/ahead.africa\/wp-content\/uploads\/2024\/09\/learning-hero-1024x825.webp\" alt=\"\" class=\"wp-image-204\" style=\"width:370px;height:auto\" srcset=\"https:\/\/ahead.africa\/wp-content\/uploads\/2024\/09\/learning-hero-1024x825.webp 1024w, https:\/\/ahead.africa\/wp-content\/uploads\/2024\/09\/learning-hero-300x242.webp 300w, https:\/\/ahead.africa\/wp-content\/uploads\/2024\/09\/learning-hero-768x618.webp 768w, https:\/\/ahead.africa\/wp-content\/uploads\/2024\/09\/learning-hero-1536x1237.webp 1536w, https:\/\/ahead.africa\/wp-content\/uploads\/2024\/09\/learning-hero.webp 1849w\" sizes=\"auto, (max-width: 1024px) 100vw, 1024px\" \/><\/figure>\n<\/div>\n<\/section>\n\n\n\n<section class=\"wp-block-group has-global-padding is-layout-constrained wp-block-group-is-layout-constrained\" style=\"padding-top:var(--wp--preset--spacing--60);padding-bottom:var(--wp--preset--spacing--60)\">\n<div class=\"wp-block-group is-layout-flow wp-block-group-is-layout-flow\">\n<p class=\"has-text-align-center translation-block\">AHEAD Africa vise \u00e0 am\u00e9liorer <strong> <span class=\"highlight-text\">la compr\u00e9hension de la soci\u00e9t\u00e9 civile de la gouvernance \u00e9lectorale<\/strong> <\/span> dans les \u00c9tats membres de l'Union africaine, tout en am\u00e9liorant les comp\u00e9tences en mati\u00e8re de leadership et de plaidoye par le biais de formations sp\u00e9cifiques et d'une plateforme web d\u00e9di\u00e9e.<\/p>\n\n\n\n<p class=\"has-text-align-center\">En outre, les solutions innovantes et les meilleures pratiques pour am\u00e9liorer les processus et les normes \u00e9lectorales \u00e0 travers le continent seront \u00e9galement \u00e9tudi\u00e9es en profondeur.<\/p>\n<\/div>\n<\/section>\n\n\n\n  <div class=\"coming-soon-divider wp-block-tn-section-divider\" style=\"background-color: transparent;\">\n          <div \n        style=\"fill: var(--wp--preset--color--background-alt);\" \n        class=\"svg-wrapper\"\n        data-flip-x=\"false\"\n        data-flip-y=\"false\"\n      >\n        <svg viewbox=\"0 0 1449 74\" xmlns=\"http:\/\/www.w3.org\/2000\/svg\" preserveaspectratio=\"none\" xml:space=\"preserve\" style=\"fill-rule:evenodd;clip-rule:evenodd;stroke-linejoin:round;stroke-miterlimit:2\"><g transform=\"scale(1 1.03736)\"><path d=\"M266 70 1449 0v91H0V0l266 70Z\" style=\"fill-rule:nonzero\" transform=\"scale(1 .96399)\"><\/path><\/g><\/svg>      <\/div>\n    \n    \n\n<figure class=\"wp-block-image size-large shape animate-slide-from-right\"><img loading=\"lazy\" decoding=\"async\" width=\"156\" height=\"219\" src=\"https:\/\/ahead.africa\/wp-content\/uploads\/2024\/09\/Vector.svg\" alt=\"\" class=\"wp-image-235\"\/><\/figure>\n\n  <\/div>\n\n\n\n<section class=\"wp-block-group coming-soon learning has-background-alt-background-color has-background has-global-padding is-layout-constrained wp-block-group-is-layout-constrained\" style=\"padding-top:var(--wp--preset--spacing--60);padding-bottom:var(--wp--preset--spacing--70)\">\n<div class=\"wp-block-group alignwide is-layout-flow wp-block-group-is-layout-flow\">\n<h2 class=\"wp-block-heading has-text-align-center\" style=\"padding-bottom:var(--wp--preset--spacing--30);font-size:clamp(18.959px, 1.185rem + ((1vw - 3.2px) * 1.127), 30px);\">Devenir observateur \u00e9lectoral<\/h2>\n\n\n\n<div class=\"wp-block-group is-layout-grid wp-container-core-group-is-layout-c2689ea4 wp-block-group-is-layout-grid\">\n<div class=\"wp-block-group card card-1 wp-container-content-9cadc101 has-global-padding is-layout-constrained wp-block-group-is-layout-constrained\">\n<figure class=\"wp-block-image size-large\"><a href=\"https:\/\/ahead.africa\/fr\/learning\/election-observation-manual\/\" target=\"_blank\" rel=\"noreferrer noopener\"><img loading=\"lazy\" decoding=\"async\" width=\"145\" height=\"145\" src=\"https:\/\/ahead.africa\/wp-content\/uploads\/2024\/09\/Learning-1.svg\" alt=\"\" class=\"wp-image-224\"\/><\/a><\/figure>\n\n\n\n<h3 class=\"wp-block-heading\" style=\"font-size:clamp(16.293px, 1.018rem + ((1vw - 3.2px) * 0.888), 25px);\"><strong>Manuel d'observation des \u00e9lections<\/strong><\/h3>\n\n\n\n<p>Un guide pour les observateurs \u00e9lectoraux nationaux par ESN-SA.<\/p>\n\n\n\n<div class=\"wp-block-stackable-button-group stk-block-button-group stk-block stk-f4ac11e\" data-block-id=\"f4ac11e\"><style>.stk-f4ac11e {padding-top:20px !important;}<\/style><div class=\"stk-row stk-inner-blocks stk-block-content stk-button-group\">\n<div class=\"wp-block-stackable-button stk-block-button stk-block stk-e83f24e\" data-block-id=\"e83f24e\"><style>.stk-e83f24e .stk-button{padding-top:7px !important;padding-bottom:7px !important;background:var(--clr-secondary) !important;border-top-left-radius:50px !important;border-top-right-radius:50px !important;border-bottom-right-radius:50px !important;border-bottom-left-radius:50px !important;}<\/style><a class=\"stk-link stk-button stk--hover-effect-darken\" href=\"https:\/\/ahead.africa\/fr\/learning\/election-observation-manual\/\"><span class=\"stk-button__inner-text\">Qu'il faut faire et ne pas faire<\/span><\/a><\/div>\n<\/div><\/div>\n\n\n\n<figure class=\"wp-block-image size-full shape no-drag-image\"><img loading=\"lazy\" decoding=\"async\" width=\"133\" height=\"134\" src=\"https:\/\/ahead.africa\/wp-content\/uploads\/2024\/09\/Vector.png\" alt=\"\" class=\"wp-image-229\"\/><\/figure>\n<\/div>\n\n\n\n<div class=\"wp-block-group card card-2 has-global-padding is-layout-constrained wp-block-group-is-layout-constrained\">\n<figure class=\"wp-block-image size-large\"><a href=\"https:\/\/mooc.africtivistes.org\/en_GB\/slides\/elections-and-electoral-cycles-3\"><img loading=\"lazy\" decoding=\"async\" width=\"145\" height=\"145\" src=\"https:\/\/ahead.africa\/wp-content\/uploads\/2024\/09\/Learning-2.svg\" alt=\"\" class=\"wp-image-225\"\/><\/a><\/figure>\n\n\n\n<h3 class=\"wp-block-heading\" style=\"font-size:clamp(16.293px, 1.018rem + ((1vw - 3.2px) * 0.888), 25px);\"><strong>Se former<\/strong><\/h3>\n\n\n\n<p>Formations Ouvertes a Tous (MOOC) sur les \u00e9lections et les cycles \u00e9lectoraux par les Africtivistes.<\/p>\n\n\n\n<figure class=\"wp-block-image size-full shape no-drag-image\"><img loading=\"lazy\" decoding=\"async\" width=\"133\" height=\"134\" src=\"https:\/\/ahead.africa\/wp-content\/uploads\/2024\/09\/Vector.png\" alt=\"\" class=\"wp-image-229\"\/><\/figure>\n\n\n\n<div class=\"wp-block-stackable-button-group stk-block-button-group stk-block stk-816bb4f\" data-block-id=\"816bb4f\"><style>.stk-816bb4f {padding-top:25px !important;}<\/style><div class=\"stk-row stk-inner-blocks stk-block-content stk-button-group\">\n<div class=\"wp-block-stackable-button stk-block-button stk-block stk-f70602f\" data-block-id=\"f70602f\"><style>.stk-f70602f .stk-button{padding-top:7px !important;padding-bottom:7px !important;background:var(--clr-secondary) !important;border-top-left-radius:50px !important;border-top-right-radius:50px !important;border-bottom-right-radius:50px !important;border-bottom-left-radius:50px !important;}<\/style><a class=\"stk-link stk-button stk--hover-effect-darken\" href=\"https:\/\/mooc.africtivistes.org\/en_GB\/slides\/elections-and-electoral-cycles-3\" target=\"_blank\" rel=\"noreferrer noopener\"><span class=\"stk-button__inner-text\">S'inscrire<\/span><\/a><\/div>\n<\/div><\/div>\n<\/div>\n\n\n\n<div class=\"wp-block-group card card-3 has-global-padding is-layout-constrained wp-block-group-is-layout-constrained\">\n<figure class=\"wp-block-image size-large\"><a href=\"https:\/\/initiative4elections.tech\/fr\/initiatives\/?tags=SensibilisationInformation\u00c9ducation\" target=\"_blank\" rel=\"noreferrer noopener\"><img loading=\"lazy\" decoding=\"async\" width=\"145\" height=\"145\" src=\"https:\/\/ahead.africa\/wp-content\/uploads\/2024\/09\/Learning-3.svg\" alt=\"\" class=\"wp-image-226\"\/><\/a><\/figure>\n\n\n\n<h3 class=\"wp-block-heading\" style=\"font-size:clamp(16.293px, 1.018rem + ((1vw - 3.2px) * 0.888), 25px);\"><strong>\u00c9galer les meilleurs<\/strong><\/h3>\n\n\n\n<p>Plateforme en ligne avec plus de 50 initiatives \u00e9lectorales africaines et citoyennes men\u00e9es par Africtivistes.<\/p>\n\n\n\n<figure class=\"wp-block-image size-full shape no-drag-image\"><img loading=\"lazy\" decoding=\"async\" width=\"133\" height=\"134\" src=\"https:\/\/ahead.africa\/wp-content\/uploads\/2024\/09\/Vector.png\" alt=\"\" class=\"wp-image-229\"\/><\/figure>\n\n\n\n<div class=\"wp-block-stackable-button-group stk-block-button-group stk-block stk-508449f\" data-block-id=\"508449f\"><style>.stk-508449f {padding-top:25px !important;}<\/style><div class=\"stk-row stk-inner-blocks stk-block-content stk-button-group\">\n<div class=\"wp-block-stackable-button stk-block-button stk-block stk-8415836\" data-block-id=\"8415836\"><style>.stk-8415836 .stk-button{padding-top:7px !important;padding-bottom:7px !important;background:var(--clr-secondary) !important;border-top-left-radius:50px !important;border-top-right-radius:50px !important;border-bottom-right-radius:50px !important;border-bottom-left-radius:50px !important;}<\/style><a class=\"stk-link stk-button stk--hover-effect-darken\" href=\"https:\/\/ahead.africa\/fr\/learning\/match-the-best\/\" rel=\"noreferrer noopener\"><span class=\"stk-button__inner-text\">En savoir plus<\/span><\/a><\/div>\n<\/div><\/div>\n<\/div>\n\n\n\n<div class=\"wp-block-group card card-4 has-global-padding is-layout-constrained wp-block-group-is-layout-constrained\">\n<figure class=\"wp-block-image size-large\"><img loading=\"lazy\" decoding=\"async\" width=\"145\" height=\"145\" src=\"https:\/\/ahead.africa\/wp-content\/uploads\/2024\/09\/Learning-4.svg\" alt=\"\" class=\"wp-image-227\"\/><\/figure>\n\n\n\n<h3 class=\"wp-block-heading\" style=\"font-size:clamp(16.293px, 1.018rem + ((1vw - 3.2px) * 0.888), 25px);\"><strong>Votre guichet unique<\/strong><\/h3>\n\n\n\n<p>Plate-forme en ligne sur les \u00e9lections et les processus \u00e9lectoraux en Afrique par les Africtivistes.<\/p>\n\n\n\n<figure class=\"wp-block-image size-full shape no-drag-image\"><img loading=\"lazy\" decoding=\"async\" width=\"133\" height=\"134\" src=\"https:\/\/ahead.africa\/wp-content\/uploads\/2024\/09\/Vector.png\" alt=\"\" class=\"wp-image-229\"\/><\/figure>\n\n\n\n<div class=\"wp-block-stackable-button-group stk-block-button-group stk-block stk-0ff34b8\" data-block-id=\"0ff34b8\"><style>.stk-0ff34b8 {padding-top:25px !important;}<\/style><div class=\"stk-row stk-inner-blocks stk-block-content stk-button-group\">\n<div class=\"wp-block-stackable-button stk-block-button stk-block stk-60acd04\" data-block-id=\"60acd04\"><style>.stk-60acd04 .stk-button{padding-top:7px !important;padding-bottom:7px !important;background:var(--clr-secondary) !important;border-top-left-radius:50px !important;border-top-right-radius:50px !important;border-bottom-right-radius:50px !important;border-bottom-left-radius:50px !important;}<\/style><a class=\"stk-link stk-button stk--hover-effect-darken\" href=\"\"><span class=\"stk-button__inner-text\">Prochainement<\/span><\/a><\/div>\n<\/div><\/div>\n<\/div>\n<\/div>\n<\/div>\n<\/section>\n\n\n\n<section class=\"wp-block-group more-news has-background-alt-background-color has-background has-global-padding is-layout-constrained wp-block-group-is-layout-constrained\" style=\"padding-top:var(--wp--preset--spacing--40);padding-bottom:var(--wp--preset--spacing--40)\">\n<div class=\"wp-block-group alignwide is-layout-flow wp-block-group-is-layout-flow\" style=\"padding-top:0px;padding-right:0rem;padding-bottom:0px;padding-left:0rem\">\n<h2 class=\"wp-block-heading has-text-align-center\" style=\"padding-bottom:var(--wp--preset--spacing--30);font-size:clamp(18.959px, 1.185rem + ((1vw - 3.2px) * 1.127), 30px);\">Derni\u00e8res nouvelles de notre <span style=\"color: var(--clr-secondary);\" class=\"stk-highlight\">Formation<\/span> activit\u00e9s<\/h2>\n\n\n\n<div class=\"wp-block-group alignwide is-layout-flow wp-block-group-is-layout-flow\">\n<div class=\"wp-block-query animate-staggered-post-wrapper is-layout-flow wp-block-query-is-layout-flow\"><ul class=\"columns-4 wp-block-post-template is-layout-grid wp-container-core-post-template-is-layout-8b083d3c wp-block-post-template-is-layout-grid\"><li class=\"wp-block-post post-12808 post type-post status-publish format-standard has-post-thumbnail hentry category-learning tag-event partner-esn-sa partner-zesn region-southern-africa\">\n\n<div class=\"wp-block-group blog-card is-layout-flow wp-block-group-is-layout-flow\" style=\"padding-top:30px;padding-right:30px;padding-bottom:30px;padding-left:30px\"><div class=\"taxonomy-post_tag wp-block-post-terms has-p-2-font-size\"><a href=\"https:\/\/ahead.africa\/fr\/tag\/event\/\" rel=\"tag\">\u00c9v\u00e9nement<\/a><\/div>\n\n<figure class=\"wp-block-post-featured-image\"><a href=\"https:\/\/ahead.africa\/fr\/the-future-of-election-observation\/\" target=\"_self\"  ><img loading=\"lazy\" decoding=\"async\" width=\"2560\" height=\"1707\" src=\"https:\/\/ahead.africa\/wp-content\/uploads\/2026\/04\/SA-academy-3-1.jpg\" class=\"attachment-post-thumbnail size-post-thumbnail wp-post-image\" alt=\"The future of election observation\" style=\"object-fit:cover;\" srcset=\"https:\/\/ahead.africa\/wp-content\/uploads\/2026\/04\/SA-academy-3-1.jpg 2560w, https:\/\/ahead.africa\/wp-content\/uploads\/2026\/04\/SA-academy-3-1-300x200.jpg 300w, https:\/\/ahead.africa\/wp-content\/uploads\/2026\/04\/SA-academy-3-1-1024x683.jpg 1024w, https:\/\/ahead.africa\/wp-content\/uploads\/2026\/04\/SA-academy-3-1-768x512.jpg 768w, https:\/\/ahead.africa\/wp-content\/uploads\/2026\/04\/SA-academy-3-1-1536x1024.jpg 1536w, https:\/\/ahead.africa\/wp-content\/uploads\/2026\/04\/SA-academy-3-1-2048x1366.jpg 2048w, https:\/\/ahead.africa\/wp-content\/uploads\/2026\/04\/SA-academy-3-1-18x12.jpg 18w\" sizes=\"auto, (max-width: 2560px) 100vw, 2560px\" \/><\/a><\/figure>\n\n<h3 style=\"font-size:clamp(14px, 0.875rem + ((1vw - 3.2px) * 0.408), 18px);\" class=\"wp-block-post-title\"><a href=\"https:\/\/ahead.africa\/fr\/the-future-of-election-observation\/\" target=\"_self\" >L'avenir de l'observation \u00e9lectorale<\/a><\/h3>\n\n<div class=\"has-link-color wp-elements-d1d34460b227fcbc3605ae5c57274cdb wp-block-post-date has-text-color has-quaternary-color has-p-2-font-size\"><time datetime=\"2026-04-22T14:53:32+00:00\">04.22.2026<\/time><\/div>\n\n<div class=\"has-link-color wp-elements-f236ea5e4c29ac86b2ca22faf2139a0a wp-block-post-excerpt has-text-color has-primary-color\"><p class=\"wp-block-post-excerpt__excerpt\">L'observation \u00e9lectorale doit s'adapter aux r\u00e9alit\u00e9s changeantes. <\/p><\/div>\n\n\n<div class=\"wp-block-buttons is-layout-flex wp-block-buttons-is-layout-flex\">\n<div class=\"wp-block-button underline\"><a href=\"https:\/\/ahead.africa\/fr\/the-future-of-election-observation\/\" rel=\"bookmark\" class=\"wp-block-button__link wp-element-button\">Lire la suite<\/a><\/div>\n<\/div>\n<\/div>\n\n<\/li><li class=\"wp-block-post post-12654 post type-post status-publish format-standard has-post-thumbnail hentry category-advocacy category-learning tag-recommendations partner-acfim partner-afeonet region-continental region-ethiopia\">\n\n<div class=\"wp-block-group blog-card is-layout-flow wp-block-group-is-layout-flow\" style=\"padding-top:30px;padding-right:30px;padding-bottom:30px;padding-left:30px\"><div class=\"taxonomy-post_tag wp-block-post-terms has-p-2-font-size\"><a href=\"https:\/\/ahead.africa\/fr\/tag\/recommendations\/\" rel=\"tag\">Recommandations<\/a><\/div>\n\n<figure class=\"wp-block-post-featured-image\"><a href=\"https:\/\/ahead.africa\/fr\/election-observers-are-first-citizens\/\" target=\"_self\"  ><img loading=\"lazy\" decoding=\"async\" width=\"2560\" height=\"1707\" src=\"https:\/\/ahead.africa\/wp-content\/uploads\/2026\/03\/3.jpg\" class=\"attachment-post-thumbnail size-post-thumbnail wp-post-image\" alt=\"Election observers are first citizens\" style=\"object-fit:cover;\" srcset=\"https:\/\/ahead.africa\/wp-content\/uploads\/2026\/03\/3.jpg 2560w, https:\/\/ahead.africa\/wp-content\/uploads\/2026\/03\/3-300x200.jpg 300w, https:\/\/ahead.africa\/wp-content\/uploads\/2026\/03\/3-1024x683.jpg 1024w, https:\/\/ahead.africa\/wp-content\/uploads\/2026\/03\/3-768x512.jpg 768w, https:\/\/ahead.africa\/wp-content\/uploads\/2026\/03\/3-1536x1024.jpg 1536w, https:\/\/ahead.africa\/wp-content\/uploads\/2026\/03\/3-2048x1366.jpg 2048w, https:\/\/ahead.africa\/wp-content\/uploads\/2026\/03\/3-18x12.jpg 18w\" sizes=\"auto, (max-width: 2560px) 100vw, 2560px\" \/><\/a><\/figure>\n\n<h3 style=\"font-size:clamp(14px, 0.875rem + ((1vw - 3.2px) * 0.408), 18px);\" class=\"wp-block-post-title\"><a href=\"https:\/\/ahead.africa\/fr\/election-observers-are-first-citizens\/\" target=\"_self\" >Les observateurs \u00e9lectoraux sont avant tout des citoyens<\/a><\/h3>\n\n<div class=\"has-link-color wp-elements-d1d34460b227fcbc3605ae5c57274cdb wp-block-post-date has-text-color has-quaternary-color has-p-2-font-size\"><time datetime=\"2026-03-24T13:59:16+00:00\">03.24.2026<\/time><\/div>\n\n<div class=\"has-link-color wp-elements-f236ea5e4c29ac86b2ca22faf2139a0a wp-block-post-excerpt has-text-color has-primary-color\"><p class=\"wp-block-post-excerpt__excerpt\">La n\u00e9cessit\u00e9 de pr\u00e9senter les observateurs citoyens comme des d\u00e9fenseurs, et non comme des d\u00e9linquants. <\/p><\/div>\n\n\n<div class=\"wp-block-buttons is-layout-flex wp-block-buttons-is-layout-flex\">\n<div class=\"wp-block-button underline\"><a href=\"https:\/\/ahead.africa\/fr\/election-observers-are-first-citizens\/\" rel=\"bookmark\" class=\"wp-block-button__link wp-element-button\">Lire la suite<\/a><\/div>\n<\/div>\n<\/div>\n\n<\/li><li class=\"wp-block-post post-8478 post type-post status-publish format-standard has-post-thumbnail hentry category-countries category-learning tag-recommendations grantees-kwazulu-natal-christian-council grantees-south-african-council-of-churches-gauteng partner-esn-sa partner-zesn region-southern-africa\">\n\n<div class=\"wp-block-group blog-card is-layout-flow wp-block-group-is-layout-flow\" style=\"padding-top:30px;padding-right:30px;padding-bottom:30px;padding-left:30px\"><div class=\"taxonomy-post_tag wp-block-post-terms has-p-2-font-size\"><a href=\"https:\/\/ahead.africa\/fr\/tag\/recommendations\/\" rel=\"tag\">Recommandations<\/a><\/div>\n\n<figure class=\"wp-block-post-featured-image\"><a href=\"https:\/\/ahead.africa\/fr\/lessons-from-southern-africa-2024-elections\/\" target=\"_self\"  ><img loading=\"lazy\" decoding=\"async\" width=\"2560\" height=\"1707\" src=\"https:\/\/ahead.africa\/wp-content\/uploads\/2025\/05\/SA-election-academy-2-scaled.jpg\" class=\"attachment-post-thumbnail size-post-thumbnail wp-post-image\" alt=\"Lessons from Southern Africa 2024 elections\" style=\"object-fit:cover;\" srcset=\"https:\/\/ahead.africa\/wp-content\/uploads\/2025\/05\/SA-election-academy-2-scaled.jpg 2560w, https:\/\/ahead.africa\/wp-content\/uploads\/2025\/05\/SA-election-academy-2-300x200.jpg 300w, https:\/\/ahead.africa\/wp-content\/uploads\/2025\/05\/SA-election-academy-2-1024x683.jpg 1024w, https:\/\/ahead.africa\/wp-content\/uploads\/2025\/05\/SA-election-academy-2-768x512.jpg 768w, https:\/\/ahead.africa\/wp-content\/uploads\/2025\/05\/SA-election-academy-2-1536x1024.jpg 1536w, https:\/\/ahead.africa\/wp-content\/uploads\/2025\/05\/SA-election-academy-2-2048x1365.jpg 2048w, https:\/\/ahead.africa\/wp-content\/uploads\/2025\/05\/SA-election-academy-2-18x12.jpg 18w\" sizes=\"auto, (max-width: 2560px) 100vw, 2560px\" \/><\/a><\/figure>\n\n<h3 style=\"font-size:clamp(14px, 0.875rem + ((1vw - 3.2px) * 0.408), 18px);\" class=\"wp-block-post-title\"><a href=\"https:\/\/ahead.africa\/fr\/lessons-from-southern-africa-2024-elections\/\" target=\"_self\" >Enseignements tir\u00e9s des \u00e9lections en Afrique australe en 2024<\/a><\/h3>\n\n<div class=\"has-link-color wp-elements-d1d34460b227fcbc3605ae5c57274cdb wp-block-post-date has-text-color has-quaternary-color has-p-2-font-size\"><time datetime=\"2025-05-22T08:00:00+00:00\">05.22.2025<\/time><\/div>\n\n<div class=\"has-link-color wp-elements-f236ea5e4c29ac86b2ca22faf2139a0a wp-block-post-excerpt has-text-color has-primary-color\"><p class=\"wp-block-post-excerpt__excerpt\">Les \u00e9lections de 2024 dans la SADC ont mis \u00e0 l'\u00e9preuve les coutures de ce qui tient et de ce qui se d\u00e9fait. <\/p><\/div>\n\n\n<div class=\"wp-block-buttons is-layout-flex wp-block-buttons-is-layout-flex\">\n<div class=\"wp-block-button underline\"><a href=\"https:\/\/ahead.africa\/fr\/lessons-from-southern-africa-2024-elections\/\" rel=\"bookmark\" class=\"wp-block-button__link wp-element-button\">Lire la suite<\/a><\/div>\n<\/div>\n<\/div>\n\n<\/li><li class=\"wp-block-post post-8122 post type-post status-publish format-standard has-post-thumbnail hentry category-learning tag-academy partner-africtivistes region-continental\">\n\n<div class=\"wp-block-group blog-card is-layout-flow wp-block-group-is-layout-flow\" style=\"padding-top:30px;padding-right:30px;padding-bottom:30px;padding-left:30px\"><div class=\"taxonomy-post_tag wp-block-post-terms has-p-2-font-size\"><a href=\"https:\/\/ahead.africa\/fr\/tag\/academy\/\" rel=\"tag\">Acad\u00e9mie<\/a><\/div>\n\n<figure class=\"wp-block-post-featured-image\"><a href=\"https:\/\/ahead.africa\/fr\/your-online-academy-on-democracy-governanceand-elections\/\" target=\"_self\"  ><img loading=\"lazy\" decoding=\"async\" width=\"2560\" height=\"1707\" src=\"https:\/\/ahead.africa\/wp-content\/uploads\/2025\/05\/Your-online-academy-on-African-democracy-and-elections-Africtivistes-scaled.jpg\" class=\"attachment-post-thumbnail size-post-thumbnail wp-post-image\" alt=\"Your online academy on African democracy and elections\" style=\"object-fit:cover;\" srcset=\"https:\/\/ahead.africa\/wp-content\/uploads\/2025\/05\/Your-online-academy-on-African-democracy-and-elections-Africtivistes-scaled.jpg 2560w, https:\/\/ahead.africa\/wp-content\/uploads\/2025\/05\/Your-online-academy-on-African-democracy-and-elections-Africtivistes-300x200.jpg 300w, https:\/\/ahead.africa\/wp-content\/uploads\/2025\/05\/Your-online-academy-on-African-democracy-and-elections-Africtivistes-1024x683.jpg 1024w, https:\/\/ahead.africa\/wp-content\/uploads\/2025\/05\/Your-online-academy-on-African-democracy-and-elections-Africtivistes-768x512.jpg 768w, https:\/\/ahead.africa\/wp-content\/uploads\/2025\/05\/Your-online-academy-on-African-democracy-and-elections-Africtivistes-1536x1024.jpg 1536w, https:\/\/ahead.africa\/wp-content\/uploads\/2025\/05\/Your-online-academy-on-African-democracy-and-elections-Africtivistes-2048x1365.jpg 2048w, https:\/\/ahead.africa\/wp-content\/uploads\/2025\/05\/Your-online-academy-on-African-democracy-and-elections-Africtivistes-18x12.jpg 18w\" sizes=\"auto, (max-width: 2560px) 100vw, 2560px\" \/><\/a><\/figure>\n\n<h3 style=\"font-size:clamp(14px, 0.875rem + ((1vw - 3.2px) * 0.408), 18px);\" class=\"wp-block-post-title\"><a href=\"https:\/\/ahead.africa\/fr\/your-online-academy-on-democracy-governanceand-elections\/\" target=\"_self\" >Votre acad\u00e9mie en ligne sur la d\u00e9mocratie et les \u00e9lections en Afrique<\/a><\/h3>\n\n<div class=\"has-link-color wp-elements-d1d34460b227fcbc3605ae5c57274cdb wp-block-post-date has-text-color has-quaternary-color has-p-2-font-size\"><time datetime=\"2025-05-01T08:00:00+00:00\">05.01.2025<\/time><\/div>\n\n<div class=\"has-link-color wp-elements-f236ea5e4c29ac86b2ca22faf2139a0a wp-block-post-excerpt has-text-color has-primary-color\"><p class=\"wp-block-post-excerpt__excerpt\">Inscrivez-vous pour apprendre la d\u00e9mocratie et les \u00e9lections africaines en 5 modules et 30 cours. <\/p><\/div>\n\n\n<div class=\"wp-block-buttons is-layout-flex wp-block-buttons-is-layout-flex\">\n<div class=\"wp-block-button underline\"><a href=\"https:\/\/ahead.africa\/fr\/your-online-academy-on-democracy-governanceand-elections\/\" rel=\"bookmark\" class=\"wp-block-button__link wp-element-button\">Lire la suite<\/a><\/div>\n<\/div>\n<\/div>\n\n<\/li><\/ul><\/div>\n<\/div>\n\n\n\n<div style=\"height:40px\" aria-hidden=\"true\" class=\"wp-block-spacer\"><\/div>\n<\/div>\n<\/section>","protected":false},"excerpt":{"rendered":"<p>Learning AHEAD Africa aims to enhance across African Union member states, while also improving leadership and advocacy skills through specific training and a dedicated website platform. Moreover, innovative solutions and best practices for enhancing electoral processes and standards across the continent will also be thoroughly explored. Become an election observer Election Observation Manual A guide [&hellip;]<\/p>","protected":false},"author":1,"featured_media":0,"parent":0,"menu_order":0,"comment_status":"closed","ping_status":"closed","template":"","meta":{"_acf_changed":false,"footnotes":""},"class_list":["post-195","page","type-page","status-publish","hentry"],"acf":[],"_links":{"self":[{"href":"https:\/\/ahead.africa\/fr\/wp-json\/wp\/v2\/pages\/195","targetHints":{"allow":["GET"]}}],"collection":[{"href":"https:\/\/ahead.africa\/fr\/wp-json\/wp\/v2\/pages"}],"about":[{"href":"https:\/\/ahead.africa\/fr\/wp-json\/wp\/v2\/types\/page"}],"author":[{"embeddable":true,"href":"https:\/\/ahead.africa\/fr\/wp-json\/wp\/v2\/users\/1"}],"replies":[{"embeddable":true,"href":"https:\/\/ahead.africa\/fr\/wp-json\/wp\/v2\/comments?post=195"}],"version-history":[{"count":144,"href":"https:\/\/ahead.africa\/fr\/wp-json\/wp\/v2\/pages\/195\/revisions"}],"predecessor-version":[{"id":10520,"href":"https:\/\/ahead.africa\/fr\/wp-json\/wp\/v2\/pages\/195\/revisions\/10520"}],"wp:attachment":[{"href":"https:\/\/ahead.africa\/fr\/wp-json\/wp\/v2\/media?parent=195"}],"curies":[{"name":"wp","href":"https:\/\/api.w.org\/{rel}","templated":true}]}}