
{"id":1329,"date":"2024-10-24T13:30:02","date_gmt":"2024-10-24T13:30:02","guid":{"rendered":"https:\/\/ahead.africa\/?page_id=1329"},"modified":"2025-09-21T18:52:22","modified_gmt":"2025-09-21T18:52:22","slug":"democracy-reporting-international","status":"publish","type":"page","link":"https:\/\/ahead.africa\/fr\/partners\/democracy-reporting-international\/","title":{"rendered":"Democracy Reporting International"},"content":{"rendered":"<section class=\"wp-block-group hero partner has-global-padding is-layout-constrained wp-block-group-is-layout-constrained has-background\" style=\"padding-top:8.1rem;padding-bottom:8.1rem;background-image:url(&#039;https:\/\/ahead.africa\/wp-content\/uploads\/2024\/11\/AHEAD-Africa-website-Banner-DRI-scaled.webp&#039;);background-position:50% 0;background-size:cover;\">\n<div class=\"wp-block-group alignwide is-layout-flow wp-block-group-is-layout-flow\">\n<h1 class=\"wp-block-heading has-text-align-center has-background-color has-text-color has-link-color wp-elements-83655859e2470e50744ac33cab4aed48\">Democracy Reporting International<\/h1>\n\n\n\n<div class=\"wp-block-group hero-nav is-content-justification-space-between is-nowrap is-layout-flex wp-container-core-group-is-layout-cb46ffcb wp-block-group-is-layout-flex\">\n<div class=\"wp-block-buttons is-layout-flex wp-block-buttons-is-layout-flex\">\n<div class=\"wp-block-button has-custom-font-size back-button has-p-2-font-size\"><a class=\"wp-block-button__link wp-element-button\" href=\"https:\/\/ahead.africa\/fr\/partners\/\">Retour \u00e0 <strong>M<\/strong>braises<\/a><\/div>\n<\/div>\n\n\n<\/div>\n<\/div>\n<\/section>\n\n\n\n<section class=\"wp-block-group has-global-padding is-layout-constrained wp-block-group-is-layout-constrained\" style=\"padding-top:var(--wp--preset--spacing--60);padding-bottom:var(--wp--preset--spacing--80)\">\n<div class=\"wp-block-group is-layout-flow wp-block-group-is-layout-flow\" style=\"padding-top:var(--wp--preset--spacing--30);padding-bottom:var(--wp--preset--spacing--30)\">\n<figure class=\"wp-block-image aligncenter size-medium is-resized\"><img loading=\"lazy\" decoding=\"async\" width=\"300\" height=\"76\" src=\"https:\/\/ahead.africa\/wp-content\/uploads\/2024\/11\/AHEAD-Africa-website-DRI-logo-300x76.webp\" alt=\"AHEAD Africa website | DRI logo\" class=\"wp-image-2392\" style=\"width:265px;height:auto\" srcset=\"https:\/\/ahead.africa\/wp-content\/uploads\/2024\/11\/AHEAD-Africa-website-DRI-logo-300x76.webp 300w, https:\/\/ahead.africa\/wp-content\/uploads\/2024\/11\/AHEAD-Africa-website-DRI-logo-1024x259.webp 1024w, https:\/\/ahead.africa\/wp-content\/uploads\/2024\/11\/AHEAD-Africa-website-DRI-logo-768x194.webp 768w, https:\/\/ahead.africa\/wp-content\/uploads\/2024\/11\/AHEAD-Africa-website-DRI-logo-1536x388.webp 1536w, https:\/\/ahead.africa\/wp-content\/uploads\/2024\/11\/AHEAD-Africa-website-DRI-logo-2048x517.webp 2048w\" sizes=\"auto, (max-width: 300px) 100vw, 300px\" \/><\/figure>\n\n\n\n<div class=\"wp-block-tn-share-post\" data-copied-message=\"URL copied to clipboard\" data-failed-copied-message=\"Failed to copy URL\">\n  \n    <a \n        href=\"https:\/\/democracy-reporting.org\/\" \n        target=\"_blank\"\n                class=\"wp-block-tn-share-post-link\"        style=\"background-color: var(--wp--preset--color--primary)\"\n    >\n                        <svg fill=\"none\" xmlns=\"http:\/\/www.w3.org\/2000\/svg\" viewbox=\"0 0 23 23\"><path d=\"M11.005.74h1.461c.062.013.123.032.186.04.389.051.784.078 1.168.155 2.703.538 4.909 1.9 6.61 4.065a10.553 10.553 0 0 1 2.139 4.828c.066.394.113.79.17 1.184v1.461c-.034.27-.063.539-.102.808-.311 2.126-1.137 4.03-2.564 5.638-2.631 2.96-5.944 4.2-9.868 3.72a10.169 10.169 0 0 1-5.623-2.543C1.444 17.303.22 13.797.938 9.666c.477-2.74 1.91-4.953 4.106-6.656A10.55 10.55 0 0 1 9.82.91c.392-.067.789-.115 1.184-.17Zm.07 10.349v-3.23l-3.701-.26a17.085 17.085 0 0 0-.457 3.489h4.159Zm1.314-.005h4.15c.053-.64-.229-2.806-.448-3.453l-3.702.234v3.219Zm-6.834.009c.16-1.256.315-2.484.468-3.698l-2.628-.623a9.548 9.548 0 0 0-1.339 4.32h3.5Zm11.035 1.309h-4.2v3.183c.096.007.188.016.279.02.607.031 1.215.054 1.822.094.477.033.954.084 1.43.133.131.013.19-.016.212-.162.05-.317.142-.628.184-.946.1-.762.182-1.53.275-2.322h-.002Zm1.32-.005-.468 3.626 2.67.63a9.542 9.542 0 0 0 1.302-4.254l-3.505-.002Zm-.454-4.95.456 3.636h3.514c-.036-.294-.064-.57-.108-.846a9.226 9.226 0 0 0-1.155-3.295.23.23 0 0 0-.195-.089c-.843.194-1.688.398-2.51.595h-.002Zm-10.54 4.95c.05 1.166.184 2.296.454 3.397l3.706-.233v-3.164h-4.16Zm-.893 3.6L5.565 12.4h-3.49a.26.26 0 0 0-.013.054A9.358 9.358 0 0 0 3.29 16.52c.025.044.131.072.189.06.243-.055.48-.136.724-.19.613-.139 1.23-.267 1.821-.394Zm9.749-9.645c-.247-.557-.45-1.068-.696-1.558-.392-.78-.88-1.492-1.564-2.05-.331-.27-.688-.498-1.119-.6v4.409l3.379-.2Zm-4.695 14.923v-4.407l-3.337.201c.082.22.146.408.22.592.403.994.901 1.93 1.663 2.702.41.415.876.747 1.454.912Zm0-14.727V2.15C9.512 2.524 8.21 4.782 7.78 6.329l3.297.219Zm4.667 10.543-3.352-.218v4.442c1.897-.797 2.639-2.458 3.35-4.224h.002ZM8.2 20.757c-.808-1.057-1.35-2.24-1.777-3.51l-2.323.488c1.128 1.403 2.47 2.408 4.1 3.022Zm7.072 0c1.611-.61 2.943-1.598 4.059-2.974l-2.294-.505c-.424 1.271-.97 2.434-1.765 3.482v-.003Zm4.062-15.059c-1.113-1.361-2.422-2.346-4.01-2.96.78 1.037 1.318 2.19 1.728 3.436l2.282-.476ZM4.184 5.64l2.213.485c.264-.614.485-1.21.773-1.774.288-.563.632-1.086.953-1.627-1.543.626-2.84 1.59-3.939 2.919V5.64Z\" fill=\"#fff\"\/><\/svg>\n                <\/a>\n\n\n    <a \n        href=\"https:\/\/x.com\/DemocracyR?ref_src=twsrc%5Egoogle%7Ctwcamp%5Eserp%7Ctwgr%5Eauthor\" \n        target=\"_blank\"\n                class=\"wp-block-tn-share-post-link\"        style=\"background-color: var(--wp--preset--color--primary)\"\n    >\n                        <svg xmlns=\"http:\/\/www.w3.org\/2000\/svg\" xml:space=\"preserve\" style=\"fill-rule:evenodd;clip-rule:evenodd;stroke-linejoin:round;stroke-miterlimit:2;\" viewbox=\"0 0 92 90\" width=\"1em\" height=\"1em\"><path d=\"M0 0h42v41H0z\" style=\"fill:none;\" transform=\"scale(2.18602)\" \/><path d=\"M32.224 10.677c-.88.925-1.761 1.85-2.647 2.769-1.737 1.819-3.481 3.632-5.218 5.445l-.064.073c2.867 3.745 5.74 7.491 8.63 11.263-.087 0-.151.01-.208.01h-5.966c-.139 0-.215-.036-.29-.14a3579.713 3579.713 0 0 0-5.566-7.268c-.041-.057-.087-.109-.145-.182-.516.535-1.014 1.055-1.512 1.574-1.876 1.953-3.747 3.912-5.618 5.871-.104.109-.209.145-.365.145-.539-.01-1.077 0-1.674 0 2.792-2.914 5.561-5.798 8.329-8.686-.446-.587-.892-1.164-1.338-1.746l-6.869-8.967a.97.97 0 0 1-.099-.166h6.348l.041.067 5.369 7.014c.023.031.052.057.087.093.064-.057.116-.109.162-.16 2.056-2.146 4.118-4.292 6.175-6.443.179-.187.341-.384.515-.571h1.917l.006.005ZM30.33 29.022c-.064-.084-.098-.136-.133-.182-4.356-5.585-8.706-11.17-13.055-16.755-.076-.099-.157-.14-.296-.14-.828.005-1.662 0-2.491 0-.052 0-.104.005-.191.01.064.088.11.151.157.208 1.708 2.198 3.423 4.39 5.132 6.587 2.623 3.372 5.253 6.739 7.877 10.11.092.12.185.162.347.162.481-.011.968 0 1.448 0h1.205Z\" style=\"fill-rule:nonzero;\" transform=\"translate(-13.747 -12.301) scale(2.79226)\" \/><\/svg>\n\t\t    <\/a>\n\n\n    <a \n        href=\"https:\/\/www.linkedin.com\/company\/dri\/\" \n        target=\"_blank\"\n                class=\"wp-block-tn-share-post-link\"        style=\"background-color: var(--wp--preset--color--primary)\"\n    >\n                        <svg xmlns=\"http:\/\/www.w3.org\/2000\/svg\" xml:space=\"preserve\" style=\"fill-rule:evenodd;clip-rule:evenodd;stroke-linejoin:round;stroke-miterlimit:2;\" viewbox=\"0 0 92 90\" width=\"1em\" height=\"1em\"><path d=\"M0 0h42v41H0z\" style=\"fill: none\" transform=\"scale(2.18602)\"\/><path d=\"M18.735 17.326h3.755v1.709c.051-.027.077-.031.087-.046.837-1.349 2.09-1.935 3.636-1.971.867-.02 1.712.089 2.504.468 1.025.491 1.601 1.344 1.919 2.402.257.852.345 1.728.352 2.61.016 2.441.009 4.884.012 7.326 0 .037-.005.074-.009.128H27.06v-.26c0-2.071.005-4.143-.009-6.213 0-.471-.042-.942-.124-1.405-.239-1.301-1.084-1.738-2.291-1.597-1.1.129-1.706.772-1.878 1.962a9.66 9.66 0 0 0-.093 1.316c-.01 1.978-.004 3.957-.004 5.935v.296h-3.926v-12.66Zm-6.404.002h3.907v12.663h-3.907zm4.226-4.057c.009 1.258-1.012 2.304-2.258 2.313-1.245.009-2.295-1.035-2.299-2.299a2.278 2.278 0 1 1 4.557-.014Z\" style=\"fill-rule: nonzero;\" transform=\"translate(-13.493 -12.175) scale(2.79228)\"\/><\/svg>\n\n            <\/a>\n\n\n    <a \n        href=\"https:\/\/www.facebook.com\/democracy.reporting\/\" \n        target=\"_blank\"\n                class=\"wp-block-tn-share-post-link\"        style=\"background-color: var(--wp--preset--color--primary)\"\n    >\n                        <svg xmlns=\"http:\/\/www.w3.org\/2000\/svg\" xml:space=\"preserve\" style=\"fill-rule:evenodd;clip-rule:evenodd;stroke-linejoin:round;stroke-miterlimit:2;\" viewbox=\"0 0 92 90\" width=\"1em\" height=\"1em\"><path d=\"M0 0h42v41H0z\" style=\"fill:none;\" transform=\"scale(2.18602)\" \/><path d=\"M25.062 7.117c.461.037.922.076 1.382.116.319.026.637.057.964.087v4.527h-.375c-.92.014-1.84 0-2.758.051-1.14.063-1.778.692-1.824 1.872-.053 1.238-.012 2.481-.012 3.763h4.808c-.214 1.712-.42 3.38-.631 5.075h-4.188v12.968h-5.04v-12.96h-4.209v-5.065h4.202v-.358c0-1.325-.027-2.653.026-3.976.063-1.595.516-3.058 1.601-4.251.826-.906 1.854-1.427 3.019-1.676.312-.068.628-.115.942-.173h2.093Z\" style=\"fill-rule:nonzero;\" transform=\"translate(-13.24 -12.301) scale(2.79227)\" \/><\/svg>\n                <\/a>\n\n<\/div>\n\n\n<p class=\"has-text-align-center has-primary-color has-text-color has-link-color wp-elements-a9abcb6173c8775d0e7d469d6b800574\">Berlin, Allemagne<\/p>\n\n\n\n<p class=\"has-text-align-center\"><strong>Democracy Reporting International<\/strong> (DRI) a \u00e9t\u00e9 fond\u00e9e en 2006 par un groupe international d'experts sur les th\u00e8mes suivants <span class=\"highlight-text\">la gouvernance d\u00e9mocratique et les \u00e9lections.<\/span><\/p>\n\n\n\n<p class=\"has-text-align-center translation-block\">La DRI a \u00e9t\u00e9 cr\u00e9\u00e9e pour combler un vide dans le domaine de la gouvernance d\u00e9mocratique et des \u00e9lections, qui \u00e9tait largement domin\u00e9 par les grandes organisations intergouvernementales et les soci\u00e9t\u00e9s de conseil commerciales. DRI est une organisation non gouvernementale et ind\u00e9pendante qui se consacre \u00e0 l'analyse rapide et flexible des <span class=\"highlight-text\">\u00e9volutions d\u00e9mocratiques et \u00e0 la fourniture de conseils sur les cadres constitutionnels et \u00e9lectoraux.<\/p>\n\n\n\n<p class=\"has-text-align-center translation-block\">Au fil des ans, DRI a \u00e9tendu son travail de recherche et d'analyse \u00e0 un engagement direct avec des partenaires sur le terrain, dans le but d'am\u00e9liorer les structures d\u00e9mocratiques et les garanties dans les huit pays o\u00f9 ils op\u00e8rent <span class=\"highlight-text\">sur trois continents.<\/span><\/p>\n<\/div>\n<\/section>","protected":false},"excerpt":{"rendered":"<p>Democracy Reporting International Berlin, Germany Democracy Reporting International (DRI) was founded in 2006 by an international group of experts on DRI was established in response to a gap in the field of democratic governance and elections, which was largely dominated by big intergovernmental organisations and commercial consultancies. DRI serves as a non-governmental, independent organisation dedicated [&hellip;]<\/p>","protected":false},"author":2,"featured_media":0,"parent":412,"menu_order":0,"comment_status":"closed","ping_status":"closed","template":"","meta":{"_acf_changed":false,"footnotes":""},"class_list":["post-1329","page","type-page","status-publish","hentry"],"acf":[],"_links":{"self":[{"href":"https:\/\/ahead.africa\/fr\/wp-json\/wp\/v2\/pages\/1329","targetHints":{"allow":["GET"]}}],"collection":[{"href":"https:\/\/ahead.africa\/fr\/wp-json\/wp\/v2\/pages"}],"about":[{"href":"https:\/\/ahead.africa\/fr\/wp-json\/wp\/v2\/types\/page"}],"author":[{"embeddable":true,"href":"https:\/\/ahead.africa\/fr\/wp-json\/wp\/v2\/users\/2"}],"replies":[{"embeddable":true,"href":"https:\/\/ahead.africa\/fr\/wp-json\/wp\/v2\/comments?post=1329"}],"version-history":[{"count":28,"href":"https:\/\/ahead.africa\/fr\/wp-json\/wp\/v2\/pages\/1329\/revisions"}],"predecessor-version":[{"id":10405,"href":"https:\/\/ahead.africa\/fr\/wp-json\/wp\/v2\/pages\/1329\/revisions\/10405"}],"up":[{"embeddable":true,"href":"https:\/\/ahead.africa\/fr\/wp-json\/wp\/v2\/pages\/412"}],"wp:attachment":[{"href":"https:\/\/ahead.africa\/fr\/wp-json\/wp\/v2\/media?parent=1329"}],"curies":[{"name":"wp","href":"https:\/\/api.w.org\/{rel}","templated":true}]}}