
{"id":1300,"date":"2024-10-24T12:38:08","date_gmt":"2024-10-24T12:38:08","guid":{"rendered":"https:\/\/ahead.africa\/?page_id=1300"},"modified":"2026-02-05T12:38:51","modified_gmt":"2026-02-05T12:38:51","slug":"africtivistes","status":"publish","type":"page","link":"https:\/\/ahead.africa\/fr\/partners\/africtivistes\/","title":{"rendered":"Africtivistes"},"content":{"rendered":"<section class=\"wp-block-group hero partner has-global-padding is-layout-constrained wp-block-group-is-layout-constrained has-background\" style=\"padding-top:8.06rem;padding-bottom:8.06rem;background-image:url(&#039;https:\/\/ahead.africa\/wp-content\/uploads\/2024\/11\/AHEAD-Africa-website-Banner-Africtivistes--scaled.webp&#039;);background-position:49% 21%;background-size:cover;\">\n<div class=\"wp-block-group alignwide is-layout-flow wp-block-group-is-layout-flow\">\n<h1 class=\"wp-block-heading has-text-align-center has-background-color has-text-color has-link-color wp-elements-dacdfb9136a9b32c96a57166658e434c\">Africtivistes<\/h1>\n\n\n\n<div class=\"wp-block-group hero-nav is-content-justification-space-between is-nowrap is-layout-flex wp-container-core-group-is-layout-cb46ffcb wp-block-group-is-layout-flex\">\n<div class=\"wp-block-buttons is-layout-flex wp-block-buttons-is-layout-flex\">\n<div class=\"wp-block-button back-button\"><a class=\"wp-block-button__link has-p-2-font-size has-custom-font-size wp-element-button\" href=\"https:\/\/ahead.africa\/fr\/partners\/\">Retour aux membres<\/a><\/div>\n<\/div>\n\n\n<\/div>\n<\/div>\n<\/section>\n\n\n\n<section class=\"wp-block-group has-global-padding is-layout-constrained wp-block-group-is-layout-constrained\" style=\"padding-top:var(--wp--preset--spacing--60);padding-bottom:var(--wp--preset--spacing--60)\">\n<div class=\"wp-block-group is-layout-flow wp-block-group-is-layout-flow\" style=\"padding-top:var(--wp--preset--spacing--30);padding-bottom:var(--wp--preset--spacing--30)\">\n<figure class=\"wp-block-image aligncenter size-full is-resized\"><img loading=\"lazy\" decoding=\"async\" width=\"2560\" height=\"920\" src=\"https:\/\/ahead.africa\/wp-content\/uploads\/2024\/11\/AHEAD-Africa-website-Africtivistes-logo-scaled.webp\" alt=\"AHEAD Africa website | Africtivistes logo\" class=\"wp-image-2413\" style=\"width:240px;height:auto\" srcset=\"https:\/\/ahead.africa\/wp-content\/uploads\/2024\/11\/AHEAD-Africa-website-Africtivistes-logo-scaled.webp 2560w, https:\/\/ahead.africa\/wp-content\/uploads\/2024\/11\/AHEAD-Africa-website-Africtivistes-logo-300x108.webp 300w, https:\/\/ahead.africa\/wp-content\/uploads\/2024\/11\/AHEAD-Africa-website-Africtivistes-logo-1024x368.webp 1024w, https:\/\/ahead.africa\/wp-content\/uploads\/2024\/11\/AHEAD-Africa-website-Africtivistes-logo-768x276.webp 768w, https:\/\/ahead.africa\/wp-content\/uploads\/2024\/11\/AHEAD-Africa-website-Africtivistes-logo-1536x552.webp 1536w, https:\/\/ahead.africa\/wp-content\/uploads\/2024\/11\/AHEAD-Africa-website-Africtivistes-logo-2048x736.webp 2048w\" sizes=\"auto, (max-width: 2560px) 100vw, 2560px\" \/><\/figure>\n\n\n\n<div class=\"wp-block-tn-share-post\" data-copied-message=\"URL copied to clipboard\" data-failed-copied-message=\"Failed to copy URL\">\n  \n    <a \n        href=\"https:\/\/africtivistes.com\/en\/\" \n        target=\"_blank\"\n                class=\"wp-block-tn-share-post-link\"        style=\"background-color: var(--wp--preset--color--primary)\"\n    >\n                        <svg fill=\"none\" xmlns=\"http:\/\/www.w3.org\/2000\/svg\" viewbox=\"0 0 23 23\"><path d=\"M11.005.74h1.461c.062.013.123.032.186.04.389.051.784.078 1.168.155 2.703.538 4.909 1.9 6.61 4.065a10.553 10.553 0 0 1 2.139 4.828c.066.394.113.79.17 1.184v1.461c-.034.27-.063.539-.102.808-.311 2.126-1.137 4.03-2.564 5.638-2.631 2.96-5.944 4.2-9.868 3.72a10.169 10.169 0 0 1-5.623-2.543C1.444 17.303.22 13.797.938 9.666c.477-2.74 1.91-4.953 4.106-6.656A10.55 10.55 0 0 1 9.82.91c.392-.067.789-.115 1.184-.17Zm.07 10.349v-3.23l-3.701-.26a17.085 17.085 0 0 0-.457 3.489h4.159Zm1.314-.005h4.15c.053-.64-.229-2.806-.448-3.453l-3.702.234v3.219Zm-6.834.009c.16-1.256.315-2.484.468-3.698l-2.628-.623a9.548 9.548 0 0 0-1.339 4.32h3.5Zm11.035 1.309h-4.2v3.183c.096.007.188.016.279.02.607.031 1.215.054 1.822.094.477.033.954.084 1.43.133.131.013.19-.016.212-.162.05-.317.142-.628.184-.946.1-.762.182-1.53.275-2.322h-.002Zm1.32-.005-.468 3.626 2.67.63a9.542 9.542 0 0 0 1.302-4.254l-3.505-.002Zm-.454-4.95.456 3.636h3.514c-.036-.294-.064-.57-.108-.846a9.226 9.226 0 0 0-1.155-3.295.23.23 0 0 0-.195-.089c-.843.194-1.688.398-2.51.595h-.002Zm-10.54 4.95c.05 1.166.184 2.296.454 3.397l3.706-.233v-3.164h-4.16Zm-.893 3.6L5.565 12.4h-3.49a.26.26 0 0 0-.013.054A9.358 9.358 0 0 0 3.29 16.52c.025.044.131.072.189.06.243-.055.48-.136.724-.19.613-.139 1.23-.267 1.821-.394Zm9.749-9.645c-.247-.557-.45-1.068-.696-1.558-.392-.78-.88-1.492-1.564-2.05-.331-.27-.688-.498-1.119-.6v4.409l3.379-.2Zm-4.695 14.923v-4.407l-3.337.201c.082.22.146.408.22.592.403.994.901 1.93 1.663 2.702.41.415.876.747 1.454.912Zm0-14.727V2.15C9.512 2.524 8.21 4.782 7.78 6.329l3.297.219Zm4.667 10.543-3.352-.218v4.442c1.897-.797 2.639-2.458 3.35-4.224h.002ZM8.2 20.757c-.808-1.057-1.35-2.24-1.777-3.51l-2.323.488c1.128 1.403 2.47 2.408 4.1 3.022Zm7.072 0c1.611-.61 2.943-1.598 4.059-2.974l-2.294-.505c-.424 1.271-.97 2.434-1.765 3.482v-.003Zm4.062-15.059c-1.113-1.361-2.422-2.346-4.01-2.96.78 1.037 1.318 2.19 1.728 3.436l2.282-.476ZM4.184 5.64l2.213.485c.264-.614.485-1.21.773-1.774.288-.563.632-1.086.953-1.627-1.543.626-2.84 1.59-3.939 2.919V5.64Z\" fill=\"#fff\"\/><\/svg>\n                <\/a>\n\n\n    <a \n        href=\"https:\/\/x.com\/AFRICTIVISTES\" \n        target=\"_blank\"\n                class=\"wp-block-tn-share-post-link\"        style=\"background-color: var(--wp--preset--color--primary)\"\n    >\n                        <svg xmlns=\"http:\/\/www.w3.org\/2000\/svg\" xml:space=\"preserve\" style=\"fill-rule:evenodd;clip-rule:evenodd;stroke-linejoin:round;stroke-miterlimit:2;\" viewbox=\"0 0 92 90\" width=\"1em\" height=\"1em\"><path d=\"M0 0h42v41H0z\" style=\"fill:none;\" transform=\"scale(2.18602)\" \/><path d=\"M32.224 10.677c-.88.925-1.761 1.85-2.647 2.769-1.737 1.819-3.481 3.632-5.218 5.445l-.064.073c2.867 3.745 5.74 7.491 8.63 11.263-.087 0-.151.01-.208.01h-5.966c-.139 0-.215-.036-.29-.14a3579.713 3579.713 0 0 0-5.566-7.268c-.041-.057-.087-.109-.145-.182-.516.535-1.014 1.055-1.512 1.574-1.876 1.953-3.747 3.912-5.618 5.871-.104.109-.209.145-.365.145-.539-.01-1.077 0-1.674 0 2.792-2.914 5.561-5.798 8.329-8.686-.446-.587-.892-1.164-1.338-1.746l-6.869-8.967a.97.97 0 0 1-.099-.166h6.348l.041.067 5.369 7.014c.023.031.052.057.087.093.064-.057.116-.109.162-.16 2.056-2.146 4.118-4.292 6.175-6.443.179-.187.341-.384.515-.571h1.917l.006.005ZM30.33 29.022c-.064-.084-.098-.136-.133-.182-4.356-5.585-8.706-11.17-13.055-16.755-.076-.099-.157-.14-.296-.14-.828.005-1.662 0-2.491 0-.052 0-.104.005-.191.01.064.088.11.151.157.208 1.708 2.198 3.423 4.39 5.132 6.587 2.623 3.372 5.253 6.739 7.877 10.11.092.12.185.162.347.162.481-.011.968 0 1.448 0h1.205Z\" style=\"fill-rule:nonzero;\" transform=\"translate(-13.747 -12.301) scale(2.79226)\" \/><\/svg>\n\t\t    <\/a>\n\n\n    <a \n        href=\"https:\/\/www.linkedin.com\/company\/africtivistes\/\" \n        target=\"_blank\"\n                class=\"wp-block-tn-share-post-link\"        style=\"background-color: var(--wp--preset--color--primary)\"\n    >\n                        <svg xmlns=\"http:\/\/www.w3.org\/2000\/svg\" xml:space=\"preserve\" style=\"fill-rule:evenodd;clip-rule:evenodd;stroke-linejoin:round;stroke-miterlimit:2;\" viewbox=\"0 0 92 90\" width=\"1em\" height=\"1em\"><path d=\"M0 0h42v41H0z\" style=\"fill: none\" transform=\"scale(2.18602)\"\/><path d=\"M18.735 17.326h3.755v1.709c.051-.027.077-.031.087-.046.837-1.349 2.09-1.935 3.636-1.971.867-.02 1.712.089 2.504.468 1.025.491 1.601 1.344 1.919 2.402.257.852.345 1.728.352 2.61.016 2.441.009 4.884.012 7.326 0 .037-.005.074-.009.128H27.06v-.26c0-2.071.005-4.143-.009-6.213 0-.471-.042-.942-.124-1.405-.239-1.301-1.084-1.738-2.291-1.597-1.1.129-1.706.772-1.878 1.962a9.66 9.66 0 0 0-.093 1.316c-.01 1.978-.004 3.957-.004 5.935v.296h-3.926v-12.66Zm-6.404.002h3.907v12.663h-3.907zm4.226-4.057c.009 1.258-1.012 2.304-2.258 2.313-1.245.009-2.295-1.035-2.299-2.299a2.278 2.278 0 1 1 4.557-.014Z\" style=\"fill-rule: nonzero;\" transform=\"translate(-13.493 -12.175) scale(2.79228)\"\/><\/svg>\n\n            <\/a>\n\n\n    <a \n        href=\"https:\/\/www.facebook.com\/africtivistes\/\" \n        target=\"_blank\"\n                class=\"wp-block-tn-share-post-link\"        style=\"background-color: var(--wp--preset--color--primary)\"\n    >\n                        <svg xmlns=\"http:\/\/www.w3.org\/2000\/svg\" xml:space=\"preserve\" style=\"fill-rule:evenodd;clip-rule:evenodd;stroke-linejoin:round;stroke-miterlimit:2;\" viewbox=\"0 0 92 90\" width=\"1em\" height=\"1em\"><path d=\"M0 0h42v41H0z\" style=\"fill:none;\" transform=\"scale(2.18602)\" \/><path d=\"M25.062 7.117c.461.037.922.076 1.382.116.319.026.637.057.964.087v4.527h-.375c-.92.014-1.84 0-2.758.051-1.14.063-1.778.692-1.824 1.872-.053 1.238-.012 2.481-.012 3.763h4.808c-.214 1.712-.42 3.38-.631 5.075h-4.188v12.968h-5.04v-12.96h-4.209v-5.065h4.202v-.358c0-1.325-.027-2.653.026-3.976.063-1.595.516-3.058 1.601-4.251.826-.906 1.854-1.427 3.019-1.676.312-.068.628-.115.942-.173h2.093Z\" style=\"fill-rule:nonzero;\" transform=\"translate(-13.24 -12.301) scale(2.79227)\" \/><\/svg>\n                <\/a>\n\n<\/div>\n\n\n<p class=\"has-text-align-center has-primary-color has-text-color has-link-color wp-elements-95bb62e18c0bc6077a05e4041eb48690\">Dakar, S\u00e9n\u00e9gal<\/p>\n\n\n\n<p class=\"has-text-align-center translation-block\">La Ligue africaine des cyber-activistes et blogueurs pour la d\u00e9mocratie, commun\u00e9ment appel\u00e9e <strong>AfricTivistes<\/strong>, est la <span class=\"highlight-text\">union des blogueurs et web-activistes<\/span> du continent et de sa diaspora pour promouvoir et d\u00e9fendre les valeurs d\u00e9mocratiques, les droits de l'homme et la bonne gouvernance par le biais des moyens num\u00e9riques.<\/p>\n\n\n\n<p class=\"has-text-align-center translation-block\">Il a \u00e9t\u00e9 cr\u00e9\u00e9 en novembre 2013 dans le but d'apporter des <span class=\"highlight-text\">solutions concr\u00e8tes et appropri\u00e9es aux d\u00e9fis majeurs qui entravent le d\u00e9veloppement et l'unit\u00e9 du continent africain en mettant en r\u00e9seau les agents d'information de la soci\u00e9t\u00e9 civile<\/span> (tels que les blogueurs, les influenceurs num\u00e9riques et les journalistes citoyens), les activistes, les informaticiens, les journalistes, les experts en donn\u00e9es ouvertes, les formateurs en technologies num\u00e9riques, les avocats, les r\u00e9seaux de citoyens et les mouvements pour le changement.<\/p>\n<\/div>\n<\/section>\n\n\n\n  <div class=\"secretariat-divider maintain-height wp-block-tn-section-divider\" style=\"background-color: transparent;\">\n          <div \n        style=\"fill: var(--wp--preset--color--background-alt);\" \n        class=\"svg-wrapper\"\n        data-flip-x=\"false\"\n        data-flip-y=\"false\"\n      >\n        <svg viewbox=\"0 0 1449 74\" xmlns=\"http:\/\/www.w3.org\/2000\/svg\" preserveaspectratio=\"none\" xml:space=\"preserve\" style=\"fill-rule:evenodd;clip-rule:evenodd;stroke-linejoin:round;stroke-miterlimit:2\"><g transform=\"scale(1 1.03736)\"><path d=\"M266 70 1449 0v91H0V0l266 70Z\" style=\"fill-rule:nonzero\" transform=\"scale(1 .96399)\"><\/path><\/g><\/svg>      <\/div>\n    \n    \n\n<figure class=\"wp-block-image size-large shape animate-slide-from-right\"><img loading=\"lazy\" decoding=\"async\" width=\"142\" height=\"284\" src=\"https:\/\/ahead.africa\/wp-content\/uploads\/2025\/01\/Group-41092-1.svg\" alt=\"\" class=\"wp-image-4595\"\/><\/figure>\n\n  <\/div>\n\n\n\n<section class=\"wp-block-group partner-info-slider-wrapper has-background-alt-background-color has-background has-global-padding is-layout-constrained wp-block-group-is-layout-constrained\" style=\"padding-top:var(--wp--preset--spacing--60);padding-bottom:var(--wp--preset--spacing--60)\">\n<div class=\"wp-block-group alignwide is-layout-flow wp-block-group-is-layout-flow\">\n<h2 class=\"wp-block-heading has-text-align-center\" style=\"font-size:clamp(14.642px, 0.915rem + ((1vw - 3.2px) * 0.751), 22px);\">L'organisation sert de force de<\/h2>\n\n\n\n<div class=\"wp-block-group is-layout-grid wp-container-core-group-is-layout-0f928cfb wp-block-group-is-layout-grid\" style=\"padding-top:0;padding-right:var(--wp--preset--spacing--70);padding-bottom:0;padding-left:var(--wp--preset--spacing--70)\">\n<div class=\"wp-block-group partner-info-card has-global-padding is-layout-constrained wp-block-group-is-layout-constrained\">\n<figure class=\"wp-block-image size-full\"><img loading=\"lazy\" decoding=\"async\" width=\"104\" height=\"81\" src=\"https:\/\/ahead.africa\/wp-content\/uploads\/2024\/10\/target-1.svg\" alt=\"\" class=\"wp-image-1305\"\/><\/figure>\n\n\n\n<h3 class=\"wp-block-heading\" style=\"font-size:clamp(14px, 0.875rem + ((1vw - 3.2px) * 0.612), 20px);\">Contestation<\/h3>\n\n\n\n<p style=\"font-size:clamp(14px, 0.875rem + ((1vw - 3.2px) * 0.102), 15px);\">Politiques publiques et gouvernance<\/p>\n<\/div>\n\n\n\n<div class=\"wp-block-group partner-info-card has-global-padding is-layout-constrained wp-block-group-is-layout-constrained\">\n<figure class=\"wp-block-image size-full\"><img loading=\"lazy\" decoding=\"async\" width=\"104\" height=\"81\" src=\"https:\/\/ahead.africa\/wp-content\/uploads\/2024\/10\/target-1.svg\" alt=\"\" class=\"wp-image-1305\"\/><\/figure>\n\n\n\n<h3 class=\"wp-block-heading\" style=\"font-size:clamp(14px, 0.875rem + ((1vw - 3.2px) * 0.612), 20px);\">Proposition<\/h3>\n\n\n\n<p style=\"font-size:clamp(14px, 0.875rem + ((1vw - 3.2px) * 0.102), 15px);\">Solutions innovantes, nouvelles dynamiques citoyennes, projets et approches inclusifs<\/p>\n<\/div>\n\n\n\n<div class=\"wp-block-group partner-info-card has-global-padding is-layout-constrained wp-block-group-is-layout-constrained\">\n<figure class=\"wp-block-image size-full\"><img loading=\"lazy\" decoding=\"async\" width=\"104\" height=\"81\" src=\"https:\/\/ahead.africa\/wp-content\/uploads\/2024\/10\/target-1.svg\" alt=\"\" class=\"wp-image-1305\"\/><\/figure>\n\n\n\n<h3 class=\"wp-block-heading\" style=\"font-size:clamp(14px, 0.875rem + ((1vw - 3.2px) * 0.612), 20px);\">Contribution<\/h3>\n\n\n\n<p style=\"font-size:clamp(14px, 0.875rem + ((1vw - 3.2px) * 0.102), 15px);\">Programmes d'autonomisation et co-construction<\/p>\n<\/div>\n<\/div>\n<\/div>\n<\/section>\n\n\n\n<section class=\"wp-block-group has-background-alt-background-color has-background has-global-padding is-layout-constrained wp-block-group-is-layout-constrained\" style=\"padding-top:var(--wp--preset--spacing--40);padding-bottom:var(--wp--preset--spacing--40)\">\n<div class=\"wp-block-group alignwide is-layout-flow wp-block-group-is-layout-flow\" style=\"padding-right:0rem;padding-left:0rem\">\n<h2 class=\"wp-block-heading has-text-align-center\" style=\"font-size:clamp(16.293px, 1.018rem + ((1vw - 3.2px) * 0.888), 25px);\">En savoir plus sur les Africtivistes<\/h2>\n\n\n\n<div class=\"wp-block-stackable-spacer stk-block-spacer stk--no-padding stk-block stk-799e7ce\" data-block-id=\"799e7ce\"><style>.stk-799e7ce {height:10px !important;}<\/style><\/div>\n\n\n\n<div class=\"wp-block-query animate-staggered-post-wrapper is-layout-flow wp-block-query-is-layout-flow\"><ul class=\"columns-4 wp-block-post-template is-layout-grid wp-container-core-post-template-is-layout-8b083d3c wp-block-post-template-is-layout-grid\"><li class=\"wp-block-post post-8122 post type-post status-publish format-standard has-post-thumbnail hentry category-learning tag-academy partner-africtivistes region-continental\">\n\n<div class=\"wp-block-group blog-card is-layout-flow wp-block-group-is-layout-flow\" style=\"padding-top:30px;padding-right:30px;padding-bottom:30px;padding-left:30px\"><div class=\"taxonomy-post_tag wp-block-post-terms has-p-2-font-size\"><a href=\"https:\/\/ahead.africa\/fr\/tag\/academy\/\" rel=\"tag\">Acad\u00e9mie<\/a><\/div>\n\n<figure class=\"wp-block-post-featured-image\"><a href=\"https:\/\/ahead.africa\/fr\/your-online-academy-on-democracy-governanceand-elections\/\" target=\"_self\"  ><img loading=\"lazy\" decoding=\"async\" width=\"2560\" height=\"1707\" src=\"https:\/\/ahead.africa\/wp-content\/uploads\/2025\/05\/Your-online-academy-on-African-democracy-and-elections-Africtivistes-scaled.jpg\" class=\"attachment-post-thumbnail size-post-thumbnail wp-post-image\" alt=\"Your online academy on African democracy and elections\" style=\"object-fit:cover;\" srcset=\"https:\/\/ahead.africa\/wp-content\/uploads\/2025\/05\/Your-online-academy-on-African-democracy-and-elections-Africtivistes-scaled.jpg 2560w, https:\/\/ahead.africa\/wp-content\/uploads\/2025\/05\/Your-online-academy-on-African-democracy-and-elections-Africtivistes-300x200.jpg 300w, https:\/\/ahead.africa\/wp-content\/uploads\/2025\/05\/Your-online-academy-on-African-democracy-and-elections-Africtivistes-1024x683.jpg 1024w, https:\/\/ahead.africa\/wp-content\/uploads\/2025\/05\/Your-online-academy-on-African-democracy-and-elections-Africtivistes-768x512.jpg 768w, https:\/\/ahead.africa\/wp-content\/uploads\/2025\/05\/Your-online-academy-on-African-democracy-and-elections-Africtivistes-1536x1024.jpg 1536w, https:\/\/ahead.africa\/wp-content\/uploads\/2025\/05\/Your-online-academy-on-African-democracy-and-elections-Africtivistes-2048x1365.jpg 2048w, https:\/\/ahead.africa\/wp-content\/uploads\/2025\/05\/Your-online-academy-on-African-democracy-and-elections-Africtivistes-18x12.jpg 18w\" sizes=\"auto, (max-width: 2560px) 100vw, 2560px\" \/><\/a><\/figure>\n\n<h3 style=\"font-size:clamp(14px, 0.875rem + ((1vw - 3.2px) * 0.408), 18px);\" class=\"wp-block-post-title\"><a href=\"https:\/\/ahead.africa\/fr\/your-online-academy-on-democracy-governanceand-elections\/\" target=\"_self\" >Votre acad\u00e9mie en ligne sur la d\u00e9mocratie et les \u00e9lections en Afrique<\/a><\/h3>\n\n<div class=\"has-link-color wp-elements-d1d34460b227fcbc3605ae5c57274cdb wp-block-post-date has-text-color has-quaternary-color has-p-2-font-size\"><time datetime=\"2025-05-01T08:00:00+00:00\">05.01.2025<\/time><\/div>\n\n<div class=\"wp-block-post-excerpt\"><p class=\"wp-block-post-excerpt__excerpt\">Inscrivez-vous pour apprendre la d\u00e9mocratie et les \u00e9lections africaines en 5 modules et 30 cours. <\/p><\/div>\n\n\n<div class=\"wp-block-buttons is-layout-flex wp-block-buttons-is-layout-flex\">\n<div class=\"wp-block-button underline\"><a href=\"https:\/\/ahead.africa\/fr\/your-online-academy-on-democracy-governanceand-elections\/\" rel=\"bookmark\" class=\"wp-block-button__link wp-element-button\">Lire la suite<\/a><\/div>\n<\/div>\n<\/div>\n\n<\/li><\/ul><\/div>\n<\/div>\n<\/section>\n\n\n\n<section class=\"wp-block-group has-background-alt-background-color has-background has-global-padding is-layout-constrained wp-block-group-is-layout-constrained\" style=\"padding-top:var(--wp--preset--spacing--60);padding-bottom:var(--wp--preset--spacing--60)\">\n<div class=\"wp-block-group alignwide is-layout-flow wp-block-group-is-layout-flow\" style=\"margin-bottom:var(--wp--preset--spacing--50);padding-right:0;padding-left:0\">\n<h2 class=\"wp-block-heading has-text-align-center\" style=\"font-size:clamp(16.293px, 1.018rem + ((1vw - 3.2px) * 0.888), 25px);\">Ressources connexes<\/h2>\n\n\n\n<div class=\"wp-block-group related-information is-layout-flow wp-block-group-is-layout-flow\">\n<div class=\"wp-block-group card-wrapper is-layout-flow wp-block-group-is-layout-flow\" style=\"padding-right:var(--wp--preset--spacing--50);padding-left:var(--wp--preset--spacing--50)\">\n<div class=\"wp-block-group card is-layout-flow wp-block-group-is-layout-flow\">\n<h3 class=\"wp-block-heading\" style=\"font-size:clamp(14px, 0.875rem + ((1vw - 3.2px) * 0.102), 15px);\">\ud83c\udf10 Farafina : une plateforme num\u00e9rique \u00e0 guichet unique sur les donn\u00e9es \u00e9lectorales <\/h3>\n<\/div>\n\n\n\n<div class=\"wp-block-buttons is-layout-flex wp-block-buttons-is-layout-flex\">\n<div class=\"wp-block-button\"><a class=\"wp-block-button__link has-background-color has-primary-background-color has-text-color has-background has-link-color wp-element-button\" href=\"https:\/\/farafina.tech\/\" target=\"_blank\" rel=\"noreferrer noopener\">En savoir plus<\/a><\/div>\n<\/div>\n<\/div>\n\n\n\n<div class=\"wp-block-group card-wrapper is-layout-flow wp-block-group-is-layout-flow\" style=\"padding-right:var(--wp--preset--spacing--50);padding-left:var(--wp--preset--spacing--50)\">\n<div class=\"wp-block-group card is-layout-flow wp-block-group-is-layout-flow\">\n<h3 class=\"wp-block-heading\" style=\"font-size:clamp(14px, 0.875rem + ((1vw - 3.2px) * 0.102), 15px);\">\ud83c\udfc6 SOOBU : Une plateforme en ligne avec plus de 50 meilleures initiatives \u00e9lectorales men\u00e9es par les citoyens en Afrique.<\/h3>\n<\/div>\n\n\n\n<div class=\"wp-block-buttons is-layout-flex wp-block-buttons-is-layout-flex\">\n<div class=\"wp-block-button\"><a class=\"wp-block-button__link has-background-color has-primary-background-color has-text-color has-background has-link-color wp-element-button\" href=\"https:\/\/ahead.africa\/fr\/learning\/match-the-best\/\" target=\"_blank\" rel=\"noreferrer noopener\">En savoir plus<\/a><\/div>\n<\/div>\n<\/div>\n\n\n\n<div class=\"wp-block-group card-wrapper is-layout-flow wp-block-group-is-layout-flow\" style=\"padding-right:var(--wp--preset--spacing--50);padding-left:var(--wp--preset--spacing--50)\">\n<div class=\"wp-block-group card is-layout-flow wp-block-group-is-layout-flow\">\n<h3 class=\"wp-block-heading\" style=\"font-size:clamp(14px, 0.875rem + ((1vw - 3.2px) * 0.102), 15px);\">\ud83d\udcbb MOOC : Votre acad\u00e9mie en ligne avec des modules sur la d\u00e9mocratie et les \u00e9lections africaines.<\/h3>\n<\/div>\n\n\n\n<div class=\"wp-block-buttons is-layout-flex wp-block-buttons-is-layout-flex\">\n<div class=\"wp-block-button\"><a class=\"wp-block-button__link has-background-color has-primary-background-color has-text-color has-background has-link-color wp-element-button\" href=\"https:\/\/mooc.africtivistes.org\/en\" target=\"_blank\" rel=\"noreferrer noopener\">En savoir plus<\/a><\/div>\n<\/div>\n<\/div>\n<\/div>\n<\/div>\n<\/section>","protected":false},"excerpt":{"rendered":"<p>Africtivistes Dakar, Senegal The African League of Cyber-Activists and Bloggers for Democracy, commonly known as AfricTivistes, is the from the continent and its diaspora to promote and defend democratic values, human rights and good governance through digital means.&nbsp; It was created in November 2013 with the aim of providing concrete and appropriate information agents (such [&hellip;]<\/p>","protected":false},"author":2,"featured_media":0,"parent":412,"menu_order":0,"comment_status":"closed","ping_status":"closed","template":"","meta":{"_acf_changed":false,"footnotes":""},"class_list":["post-1300","page","type-page","status-publish","hentry"],"acf":[],"_links":{"self":[{"href":"https:\/\/ahead.africa\/fr\/wp-json\/wp\/v2\/pages\/1300","targetHints":{"allow":["GET"]}}],"collection":[{"href":"https:\/\/ahead.africa\/fr\/wp-json\/wp\/v2\/pages"}],"about":[{"href":"https:\/\/ahead.africa\/fr\/wp-json\/wp\/v2\/types\/page"}],"author":[{"embeddable":true,"href":"https:\/\/ahead.africa\/fr\/wp-json\/wp\/v2\/users\/2"}],"replies":[{"embeddable":true,"href":"https:\/\/ahead.africa\/fr\/wp-json\/wp\/v2\/comments?post=1300"}],"version-history":[{"count":66,"href":"https:\/\/ahead.africa\/fr\/wp-json\/wp\/v2\/pages\/1300\/revisions"}],"predecessor-version":[{"id":12214,"href":"https:\/\/ahead.africa\/fr\/wp-json\/wp\/v2\/pages\/1300\/revisions\/12214"}],"up":[{"embeddable":true,"href":"https:\/\/ahead.africa\/fr\/wp-json\/wp\/v2\/pages\/412"}],"wp:attachment":[{"href":"https:\/\/ahead.africa\/fr\/wp-json\/wp\/v2\/media?parent=1300"}],"curies":[{"name":"wp","href":"https:\/\/api.w.org\/{rel}","templated":true}]}}